{"id":1058,"date":"2020-08-04T10:23:15","date_gmt":"2020-08-04T08:23:15","guid":{"rendered":"https:\/\/www.lesamisdegrandrif.fr\/?page_id=1058"},"modified":"2020-08-04T11:12:02","modified_gmt":"2020-08-04T09:12:02","slug":"vide-grenier-2020","status":"publish","type":"page","link":"https:\/\/www.lesamisdelajarpe.fr\/index.php\/vide-grenier-2020\/","title":{"rendered":"Vide grenier 2020"},"content":{"rendered":"<p><span style=\"text-decoration: underline;\"><span style=\"font-family: arial, helvetica, sans-serif;\">Dimanche 26 juillet<\/span><\/span><\/p>\n<p>Organis\u00e9 dans le respect des r\u00e8gles impos\u00e9es par la crise sanitaire, le vide grenier a connu un franc succ\u00e8s.<\/p>\n<p>Sous un beau soleil, la foule des visiteurs a pu appr\u00e9cier tous les objets pr\u00e9sent\u00e9s par les exposants qui n&rsquo;avaient jamais \u00e9t\u00e9 aussi nombreux.<\/p>\n<p>La source de La Jarpe \u00e9tait \u00e9videmment \u00e0 l&rsquo;honneur avec un stand d\u00e9di\u00e9 qui a permis \u00e0 tous ceux qui le souhaitaient de d\u00e9guster et d&rsquo;appr\u00e9cier \u00ab\u00a0La Perle des Eaux de Table\u00a0\u00bb.<\/p>\n<p>Le stand \u00ab\u00a0Grandrif autrefois\u00a0\u00bb rappelait la pr\u00e9sence dans le bourg de l&rsquo;entreprise Riva-Vedel qui fabriquait des statuettes et autres objets en ivoirine.<\/p>\n<p>La journ\u00e9e a \u00e9t\u00e9 \u00e9galement anim\u00e9e par la pr\u00e9sentation de vaches ferrandaises et de chevaux de race Auvergne, provenant des \u00e9levages de Fran\u00e7ois Chantelauze et Jean-Louis Peillon.<\/p>\n<p>&nbsp;<\/p>\n<p><img loading=\"lazy\" decoding=\"async\" class=\"aligncenter size-large wp-image-1063\" src=\"https:\/\/www.lesamisdegrandrif.fr\/wp-content\/uploads\/2020\/08\/DSC_0315-1024x681.jpg\" alt=\"\" width=\"640\" height=\"426\" srcset=\"https:\/\/www.lesamisdelajarpe.fr\/wp-content\/uploads\/2020\/08\/DSC_0315-1024x681.jpg 1024w, https:\/\/www.lesamisdelajarpe.fr\/wp-content\/uploads\/2020\/08\/DSC_0315-300x199.jpg 300w, https:\/\/www.lesamisdelajarpe.fr\/wp-content\/uploads\/2020\/08\/DSC_0315-768x511.jpg 768w, https:\/\/www.lesamisdelajarpe.fr\/wp-content\/uploads\/2020\/08\/DSC_0315-1536x1021.jpg 1536w, https:\/\/www.lesamisdelajarpe.fr\/wp-content\/uploads\/2020\/08\/DSC_0315-2048x1362.jpg 2048w, https:\/\/www.lesamisdelajarpe.fr\/wp-content\/uploads\/2020\/08\/DSC_0315-800x532.jpg 800w\" sizes=\"auto, (max-width: 640px) 100vw, 640px\" \/><\/p>\n<p><img loading=\"lazy\" decoding=\"async\" class=\"aligncenter size-large wp-image-1064\" src=\"https:\/\/www.lesamisdegrandrif.fr\/wp-content\/uploads\/2020\/08\/DSC_0318-1024x681.jpg\" alt=\"\" width=\"640\" height=\"426\" srcset=\"https:\/\/www.lesamisdelajarpe.fr\/wp-content\/uploads\/2020\/08\/DSC_0318-1024x681.jpg 1024w, https:\/\/www.lesamisdelajarpe.fr\/wp-content\/uploads\/2020\/08\/DSC_0318-300x199.jpg 300w, https:\/\/www.lesamisdelajarpe.fr\/wp-content\/uploads\/2020\/08\/DSC_0318-768x511.jpg 768w, https:\/\/www.lesamisdelajarpe.fr\/wp-content\/uploads\/2020\/08\/DSC_0318-1536x1021.jpg 1536w, https:\/\/www.lesamisdelajarpe.fr\/wp-content\/uploads\/2020\/08\/DSC_0318-2048x1362.jpg 2048w, https:\/\/www.lesamisdelajarpe.fr\/wp-content\/uploads\/2020\/08\/DSC_0318-800x532.jpg 800w\" sizes=\"auto, (max-width: 640px) 100vw, 640px\" \/><\/p>\n<p><img loading=\"lazy\" decoding=\"async\" class=\"aligncenter size-large wp-image-1065\" src=\"https:\/\/www.lesamisdegrandrif.fr\/wp-content\/uploads\/2020\/08\/DSC_0279-1024x681.jpg\" alt=\"\" width=\"640\" height=\"426\" srcset=\"https:\/\/www.lesamisdelajarpe.fr\/wp-content\/uploads\/2020\/08\/DSC_0279-1024x681.jpg 1024w, https:\/\/www.lesamisdelajarpe.fr\/wp-content\/uploads\/2020\/08\/DSC_0279-300x199.jpg 300w, https:\/\/www.lesamisdelajarpe.fr\/wp-content\/uploads\/2020\/08\/DSC_0279-768x511.jpg 768w, https:\/\/www.lesamisdelajarpe.fr\/wp-content\/uploads\/2020\/08\/DSC_0279-1536x1021.jpg 1536w, https:\/\/www.lesamisdelajarpe.fr\/wp-content\/uploads\/2020\/08\/DSC_0279-2048x1362.jpg 2048w, https:\/\/www.lesamisdelajarpe.fr\/wp-content\/uploads\/2020\/08\/DSC_0279-800x532.jpg 800w\" sizes=\"auto, (max-width: 640px) 100vw, 640px\" \/><\/p>\n<p><img loading=\"lazy\" decoding=\"async\" class=\"aligncenter size-large wp-image-1066\" src=\"https:\/\/www.lesamisdegrandrif.fr\/wp-content\/uploads\/2020\/08\/DSC_0275-1024x681.jpg\" alt=\"\" width=\"640\" height=\"426\" srcset=\"https:\/\/www.lesamisdelajarpe.fr\/wp-content\/uploads\/2020\/08\/DSC_0275-1024x681.jpg 1024w, https:\/\/www.lesamisdelajarpe.fr\/wp-content\/uploads\/2020\/08\/DSC_0275-300x199.jpg 300w, https:\/\/www.lesamisdelajarpe.fr\/wp-content\/uploads\/2020\/08\/DSC_0275-768x511.jpg 768w, https:\/\/www.lesamisdelajarpe.fr\/wp-content\/uploads\/2020\/08\/DSC_0275-1536x1021.jpg 1536w, https:\/\/www.lesamisdelajarpe.fr\/wp-content\/uploads\/2020\/08\/DSC_0275-2048x1362.jpg 2048w, https:\/\/www.lesamisdelajarpe.fr\/wp-content\/uploads\/2020\/08\/DSC_0275-800x532.jpg 800w\" sizes=\"auto, (max-width: 640px) 100vw, 640px\" \/><\/p>\n<p><img loading=\"lazy\" decoding=\"async\" class=\"aligncenter size-large wp-image-1067\" src=\"https:\/\/www.lesamisdegrandrif.fr\/wp-content\/uploads\/2020\/08\/DSC_0308-1024x681.jpg\" alt=\"\" width=\"640\" height=\"426\" srcset=\"https:\/\/www.lesamisdelajarpe.fr\/wp-content\/uploads\/2020\/08\/DSC_0308-1024x681.jpg 1024w, https:\/\/www.lesamisdelajarpe.fr\/wp-content\/uploads\/2020\/08\/DSC_0308-300x199.jpg 300w, https:\/\/www.lesamisdelajarpe.fr\/wp-content\/uploads\/2020\/08\/DSC_0308-768x511.jpg 768w, https:\/\/www.lesamisdelajarpe.fr\/wp-content\/uploads\/2020\/08\/DSC_0308-1536x1021.jpg 1536w, https:\/\/www.lesamisdelajarpe.fr\/wp-content\/uploads\/2020\/08\/DSC_0308-2048x1362.jpg 2048w, https:\/\/www.lesamisdelajarpe.fr\/wp-content\/uploads\/2020\/08\/DSC_0308-800x532.jpg 800w\" sizes=\"auto, (max-width: 640px) 100vw, 640px\" \/><\/p>\n<p><img loading=\"lazy\" decoding=\"async\" class=\"aligncenter size-large wp-image-1073\" src=\"https:\/\/www.lesamisdegrandrif.fr\/wp-content\/uploads\/2020\/08\/DSC_0321-681x1024.jpg\" alt=\"\" width=\"640\" height=\"962\" srcset=\"https:\/\/www.lesamisdelajarpe.fr\/wp-content\/uploads\/2020\/08\/DSC_0321-681x1024.jpg 681w, https:\/\/www.lesamisdelajarpe.fr\/wp-content\/uploads\/2020\/08\/DSC_0321-199x300.jpg 199w, https:\/\/www.lesamisdelajarpe.fr\/wp-content\/uploads\/2020\/08\/DSC_0321-768x1155.jpg 768w, https:\/\/www.lesamisdelajarpe.fr\/wp-content\/uploads\/2020\/08\/DSC_0321-1021x1536.jpg 1021w, https:\/\/www.lesamisdelajarpe.fr\/wp-content\/uploads\/2020\/08\/DSC_0321-1362x2048.jpg 1362w, https:\/\/www.lesamisdelajarpe.fr\/wp-content\/uploads\/2020\/08\/DSC_0321-800x1203.jpg 800w, https:\/\/www.lesamisdelajarpe.fr\/wp-content\/uploads\/2020\/08\/DSC_0321-scaled.jpg 1702w\" sizes=\"auto, (max-width: 640px) 100vw, 640px\" \/><\/p>\n<p><img loading=\"lazy\" decoding=\"async\" class=\"aligncenter wp-image-1068\" src=\"https:\/\/www.lesamisdegrandrif.fr\/wp-content\/uploads\/2020\/08\/DSC_0283-1024x681.jpg\" alt=\"\" width=\"638\" height=\"424\" srcset=\"https:\/\/www.lesamisdelajarpe.fr\/wp-content\/uploads\/2020\/08\/DSC_0283-1024x681.jpg 1024w, https:\/\/www.lesamisdelajarpe.fr\/wp-content\/uploads\/2020\/08\/DSC_0283-300x199.jpg 300w, https:\/\/www.lesamisdelajarpe.fr\/wp-content\/uploads\/2020\/08\/DSC_0283-768x511.jpg 768w, https:\/\/www.lesamisdelajarpe.fr\/wp-content\/uploads\/2020\/08\/DSC_0283-1536x1021.jpg 1536w, https:\/\/www.lesamisdelajarpe.fr\/wp-content\/uploads\/2020\/08\/DSC_0283-2048x1362.jpg 2048w, https:\/\/www.lesamisdelajarpe.fr\/wp-content\/uploads\/2020\/08\/DSC_0283-800x532.jpg 800w\" sizes=\"auto, (max-width: 638px) 100vw, 638px\" \/><\/p>\n<p><img loading=\"lazy\" decoding=\"async\" class=\"aligncenter size-large wp-image-1069\" src=\"https:\/\/www.lesamisdegrandrif.fr\/wp-content\/uploads\/2020\/08\/DSC_0277-1024x681.jpg\" alt=\"\" width=\"640\" height=\"426\" srcset=\"https:\/\/www.lesamisdelajarpe.fr\/wp-content\/uploads\/2020\/08\/DSC_0277-1024x681.jpg 1024w, https:\/\/www.lesamisdelajarpe.fr\/wp-content\/uploads\/2020\/08\/DSC_0277-300x199.jpg 300w, https:\/\/www.lesamisdelajarpe.fr\/wp-content\/uploads\/2020\/08\/DSC_0277-768x511.jpg 768w, https:\/\/www.lesamisdelajarpe.fr\/wp-content\/uploads\/2020\/08\/DSC_0277-1536x1021.jpg 1536w, https:\/\/www.lesamisdelajarpe.fr\/wp-content\/uploads\/2020\/08\/DSC_0277-2048x1362.jpg 2048w, https:\/\/www.lesamisdelajarpe.fr\/wp-content\/uploads\/2020\/08\/DSC_0277-800x532.jpg 800w\" sizes=\"auto, (max-width: 640px) 100vw, 640px\" \/><\/p>\n<p style=\"text-align: center;\">Premi\u00e8re sortie de Rambo n\u00e9 le 22 juillet 2020<\/p>\n<p><img loading=\"lazy\" decoding=\"async\" class=\"aligncenter size-large wp-image-1070\" src=\"https:\/\/www.lesamisdegrandrif.fr\/wp-content\/uploads\/2020\/08\/DSC_0334-1024x681.jpg\" alt=\"\" width=\"640\" height=\"426\" srcset=\"https:\/\/www.lesamisdelajarpe.fr\/wp-content\/uploads\/2020\/08\/DSC_0334-1024x681.jpg 1024w, https:\/\/www.lesamisdelajarpe.fr\/wp-content\/uploads\/2020\/08\/DSC_0334-300x199.jpg 300w, https:\/\/www.lesamisdelajarpe.fr\/wp-content\/uploads\/2020\/08\/DSC_0334-768x511.jpg 768w, https:\/\/www.lesamisdelajarpe.fr\/wp-content\/uploads\/2020\/08\/DSC_0334-1536x1021.jpg 1536w, https:\/\/www.lesamisdelajarpe.fr\/wp-content\/uploads\/2020\/08\/DSC_0334-2048x1362.jpg 2048w, https:\/\/www.lesamisdelajarpe.fr\/wp-content\/uploads\/2020\/08\/DSC_0334-800x532.jpg 800w\" sizes=\"auto, (max-width: 640px) 100vw, 640px\" \/><\/p>\n<p style=\"text-align: center;\">Jonquille de Grandrif<\/p>\n<p><img loading=\"lazy\" decoding=\"async\" class=\"aligncenter size-large wp-image-1071\" src=\"https:\/\/www.lesamisdegrandrif.fr\/wp-content\/uploads\/2020\/08\/DSC_0329-1024x681.jpg\" alt=\"\" width=\"640\" height=\"426\" srcset=\"https:\/\/www.lesamisdelajarpe.fr\/wp-content\/uploads\/2020\/08\/DSC_0329-1024x681.jpg 1024w, https:\/\/www.lesamisdelajarpe.fr\/wp-content\/uploads\/2020\/08\/DSC_0329-300x199.jpg 300w, https:\/\/www.lesamisdelajarpe.fr\/wp-content\/uploads\/2020\/08\/DSC_0329-768x511.jpg 768w, https:\/\/www.lesamisdelajarpe.fr\/wp-content\/uploads\/2020\/08\/DSC_0329-1536x1021.jpg 1536w, https:\/\/www.lesamisdelajarpe.fr\/wp-content\/uploads\/2020\/08\/DSC_0329-2048x1362.jpg 2048w, https:\/\/www.lesamisdelajarpe.fr\/wp-content\/uploads\/2020\/08\/DSC_0329-800x532.jpg 800w\" sizes=\"auto, (max-width: 640px) 100vw, 640px\" \/><\/p>\n<p>&nbsp;<\/p>\n","protected":false},"excerpt":{"rendered":"<p>Dimanche 26 juillet Organis\u00e9 dans le respect des r\u00e8gles impos\u00e9es par la crise sanitaire, le vide grenier a connu un franc succ\u00e8s. Sous un beau soleil, la foule des visiteurs a pu appr\u00e9cier tous les objets pr\u00e9sent\u00e9s par les exposants qui n&rsquo;avaient jamais \u00e9t\u00e9 aussi nombreux. La source de La Jarpe \u00e9tait \u00e9videmment \u00e0 l&rsquo;honneur &hellip;<\/p>\n","protected":false},"author":2,"featured_media":0,"parent":0,"menu_order":0,"comment_status":"closed","ping_status":"closed","template":"","meta":{"_seopress_robots_primary_cat":"","_seopress_titles_title":"","_seopress_titles_desc":"","_seopress_robots_index":"","_mc_calendar":[],"footnotes":""},"class_list":["post-1058","page","type-page","status-publish","hentry"],"_links":{"self":[{"href":"https:\/\/www.lesamisdelajarpe.fr\/index.php\/wp-json\/wp\/v2\/pages\/1058","targetHints":{"allow":["GET"]}}],"collection":[{"href":"https:\/\/www.lesamisdelajarpe.fr\/index.php\/wp-json\/wp\/v2\/pages"}],"about":[{"href":"https:\/\/www.lesamisdelajarpe.fr\/index.php\/wp-json\/wp\/v2\/types\/page"}],"author":[{"embeddable":true,"href":"https:\/\/www.lesamisdelajarpe.fr\/index.php\/wp-json\/wp\/v2\/users\/2"}],"replies":[{"embeddable":true,"href":"https:\/\/www.lesamisdelajarpe.fr\/index.php\/wp-json\/wp\/v2\/comments?post=1058"}],"version-history":[{"count":5,"href":"https:\/\/www.lesamisdelajarpe.fr\/index.php\/wp-json\/wp\/v2\/pages\/1058\/revisions"}],"predecessor-version":[{"id":1075,"href":"https:\/\/www.lesamisdelajarpe.fr\/index.php\/wp-json\/wp\/v2\/pages\/1058\/revisions\/1075"}],"wp:attachment":[{"href":"https:\/\/www.lesamisdelajarpe.fr\/index.php\/wp-json\/wp\/v2\/media?parent=1058"}],"curies":[{"name":"wp","href":"https:\/\/api.w.org\/{rel}","templated":true}]}}