{"id":1146,"date":"2020-12-05T18:42:53","date_gmt":"2020-12-05T17:42:53","guid":{"rendered":"https:\/\/www.lesamisdegrandrif.fr\/?page_id=1146"},"modified":"2020-12-05T18:42:53","modified_gmt":"2020-12-05T17:42:53","slug":"noel-2020","status":"publish","type":"page","link":"https:\/\/www.lesamisdelajarpe.fr\/index.php\/noel-2020\/","title":{"rendered":"Noel 2020"},"content":{"rendered":"<p>En raison du confinement et des contraintes sanitaires du moment, une \u00e9quipe r\u00e9duite a install\u00e9 le sapin sur la place du bourg.<\/p>\n<p>Pour les m\u00eames raisons, les activit\u00e9s habituellement propos\u00e9es pendant la p\u00e9riode des f\u00eates seront limit\u00e9es.<\/p>\n<p><img loading=\"lazy\" decoding=\"async\" class=\"aligncenter size-large wp-image-1150\" src=\"https:\/\/www.lesamisdegrandrif.fr\/wp-content\/uploads\/2020\/12\/DSC_0349-1024x681.jpg\" alt=\"\" width=\"640\" height=\"426\" srcset=\"https:\/\/www.lesamisdelajarpe.fr\/wp-content\/uploads\/2020\/12\/DSC_0349-1024x681.jpg 1024w, https:\/\/www.lesamisdelajarpe.fr\/wp-content\/uploads\/2020\/12\/DSC_0349-300x199.jpg 300w, https:\/\/www.lesamisdelajarpe.fr\/wp-content\/uploads\/2020\/12\/DSC_0349-768x511.jpg 768w, https:\/\/www.lesamisdelajarpe.fr\/wp-content\/uploads\/2020\/12\/DSC_0349-1536x1021.jpg 1536w, https:\/\/www.lesamisdelajarpe.fr\/wp-content\/uploads\/2020\/12\/DSC_0349-2048x1362.jpg 2048w, https:\/\/www.lesamisdelajarpe.fr\/wp-content\/uploads\/2020\/12\/DSC_0349-800x532.jpg 800w\" sizes=\"auto, (max-width: 640px) 100vw, 640px\" \/><\/p>\n<p>&nbsp;<\/p>\n<p><img loading=\"lazy\" decoding=\"async\" class=\"aligncenter size-large wp-image-1151\" src=\"https:\/\/www.lesamisdegrandrif.fr\/wp-content\/uploads\/2020\/12\/DSC_0350-1024x681.jpg\" alt=\"\" width=\"640\" height=\"426\" srcset=\"https:\/\/www.lesamisdelajarpe.fr\/wp-content\/uploads\/2020\/12\/DSC_0350-1024x681.jpg 1024w, https:\/\/www.lesamisdelajarpe.fr\/wp-content\/uploads\/2020\/12\/DSC_0350-300x199.jpg 300w, https:\/\/www.lesamisdelajarpe.fr\/wp-content\/uploads\/2020\/12\/DSC_0350-768x511.jpg 768w, https:\/\/www.lesamisdelajarpe.fr\/wp-content\/uploads\/2020\/12\/DSC_0350-1536x1021.jpg 1536w, https:\/\/www.lesamisdelajarpe.fr\/wp-content\/uploads\/2020\/12\/DSC_0350-2048x1362.jpg 2048w, https:\/\/www.lesamisdelajarpe.fr\/wp-content\/uploads\/2020\/12\/DSC_0350-800x532.jpg 800w\" sizes=\"auto, (max-width: 640px) 100vw, 640px\" \/><\/p>\n<p><img loading=\"lazy\" decoding=\"async\" class=\"aligncenter size-large wp-image-1152\" src=\"https:\/\/www.lesamisdegrandrif.fr\/wp-content\/uploads\/2020\/12\/DSC_0354-1024x681.jpg\" alt=\"\" width=\"640\" height=\"426\" srcset=\"https:\/\/www.lesamisdelajarpe.fr\/wp-content\/uploads\/2020\/12\/DSC_0354-1024x681.jpg 1024w, https:\/\/www.lesamisdelajarpe.fr\/wp-content\/uploads\/2020\/12\/DSC_0354-300x199.jpg 300w, https:\/\/www.lesamisdelajarpe.fr\/wp-content\/uploads\/2020\/12\/DSC_0354-768x511.jpg 768w, https:\/\/www.lesamisdelajarpe.fr\/wp-content\/uploads\/2020\/12\/DSC_0354-1536x1021.jpg 1536w, https:\/\/www.lesamisdelajarpe.fr\/wp-content\/uploads\/2020\/12\/DSC_0354-2048x1362.jpg 2048w, https:\/\/www.lesamisdelajarpe.fr\/wp-content\/uploads\/2020\/12\/DSC_0354-800x532.jpg 800w\" sizes=\"auto, (max-width: 640px) 100vw, 640px\" \/><\/p>\n<p><img loading=\"lazy\" decoding=\"async\" class=\"aligncenter size-large wp-image-1153\" src=\"https:\/\/www.lesamisdegrandrif.fr\/wp-content\/uploads\/2020\/12\/DSC_0359-681x1024.jpg\" alt=\"\" width=\"640\" height=\"962\" srcset=\"https:\/\/www.lesamisdelajarpe.fr\/wp-content\/uploads\/2020\/12\/DSC_0359-681x1024.jpg 681w, https:\/\/www.lesamisdelajarpe.fr\/wp-content\/uploads\/2020\/12\/DSC_0359-199x300.jpg 199w, https:\/\/www.lesamisdelajarpe.fr\/wp-content\/uploads\/2020\/12\/DSC_0359-768x1155.jpg 768w, https:\/\/www.lesamisdelajarpe.fr\/wp-content\/uploads\/2020\/12\/DSC_0359-1021x1536.jpg 1021w, https:\/\/www.lesamisdelajarpe.fr\/wp-content\/uploads\/2020\/12\/DSC_0359-1362x2048.jpg 1362w, https:\/\/www.lesamisdelajarpe.fr\/wp-content\/uploads\/2020\/12\/DSC_0359-800x1203.jpg 800w, https:\/\/www.lesamisdelajarpe.fr\/wp-content\/uploads\/2020\/12\/DSC_0359-scaled.jpg 1702w\" sizes=\"auto, (max-width: 640px) 100vw, 640px\" \/><\/p>\n<p><img loading=\"lazy\" decoding=\"async\" class=\"aligncenter size-large wp-image-1154\" src=\"https:\/\/www.lesamisdegrandrif.fr\/wp-content\/uploads\/2020\/12\/DSC_0362-1-1024x681.jpg\" alt=\"\" width=\"640\" height=\"426\" srcset=\"https:\/\/www.lesamisdelajarpe.fr\/wp-content\/uploads\/2020\/12\/DSC_0362-1-1024x681.jpg 1024w, https:\/\/www.lesamisdelajarpe.fr\/wp-content\/uploads\/2020\/12\/DSC_0362-1-300x199.jpg 300w, https:\/\/www.lesamisdelajarpe.fr\/wp-content\/uploads\/2020\/12\/DSC_0362-1-768x511.jpg 768w, https:\/\/www.lesamisdelajarpe.fr\/wp-content\/uploads\/2020\/12\/DSC_0362-1-1536x1021.jpg 1536w, https:\/\/www.lesamisdelajarpe.fr\/wp-content\/uploads\/2020\/12\/DSC_0362-1-2048x1362.jpg 2048w, https:\/\/www.lesamisdelajarpe.fr\/wp-content\/uploads\/2020\/12\/DSC_0362-1-800x532.jpg 800w\" sizes=\"auto, (max-width: 640px) 100vw, 640px\" \/><\/p>\n","protected":false},"excerpt":{"rendered":"<p>En raison du confinement et des contraintes sanitaires du moment, une \u00e9quipe r\u00e9duite a install\u00e9 le sapin sur la place du bourg. Pour les m\u00eames raisons, les activit\u00e9s habituellement propos\u00e9es pendant la p\u00e9riode des f\u00eates seront limit\u00e9es. &nbsp;<\/p>\n","protected":false},"author":2,"featured_media":0,"parent":0,"menu_order":0,"comment_status":"closed","ping_status":"closed","template":"","meta":{"_seopress_robots_primary_cat":"","_seopress_titles_title":"","_seopress_titles_desc":"","_seopress_robots_index":"","_mc_calendar":[],"footnotes":""},"class_list":["post-1146","page","type-page","status-publish","hentry"],"_links":{"self":[{"href":"https:\/\/www.lesamisdelajarpe.fr\/index.php\/wp-json\/wp\/v2\/pages\/1146","targetHints":{"allow":["GET"]}}],"collection":[{"href":"https:\/\/www.lesamisdelajarpe.fr\/index.php\/wp-json\/wp\/v2\/pages"}],"about":[{"href":"https:\/\/www.lesamisdelajarpe.fr\/index.php\/wp-json\/wp\/v2\/types\/page"}],"author":[{"embeddable":true,"href":"https:\/\/www.lesamisdelajarpe.fr\/index.php\/wp-json\/wp\/v2\/users\/2"}],"replies":[{"embeddable":true,"href":"https:\/\/www.lesamisdelajarpe.fr\/index.php\/wp-json\/wp\/v2\/comments?post=1146"}],"version-history":[{"count":2,"href":"https:\/\/www.lesamisdelajarpe.fr\/index.php\/wp-json\/wp\/v2\/pages\/1146\/revisions"}],"predecessor-version":[{"id":1156,"href":"https:\/\/www.lesamisdelajarpe.fr\/index.php\/wp-json\/wp\/v2\/pages\/1146\/revisions\/1156"}],"wp:attachment":[{"href":"https:\/\/www.lesamisdelajarpe.fr\/index.php\/wp-json\/wp\/v2\/media?parent=1146"}],"curies":[{"name":"wp","href":"https:\/\/api.w.org\/{rel}","templated":true}]}}