{"id":1377,"date":"2021-08-02T17:56:51","date_gmt":"2021-08-02T15:56:51","guid":{"rendered":"https:\/\/www.lesamisdegrandrif.fr\/?page_id=1377"},"modified":"2021-08-02T18:10:37","modified_gmt":"2021-08-02T16:10:37","slug":"vide-grenier-2021","status":"publish","type":"page","link":"https:\/\/www.lesamisdelajarpe.fr\/index.php\/vide-grenier-2021\/","title":{"rendered":"VIDE GRENIER 2021"},"content":{"rendered":"<p>Le dimanche 18 juillet 2021<\/p>\n<p>&nbsp;<\/p>\n<p>Une belle journ\u00e9e sur la place du bourg, avec un temps cl\u00e9ment, ce qui n&rsquo;a pas toujours \u00e9t\u00e9 le cas en ce mois de juillet.<\/p>\n<p><img loading=\"lazy\" decoding=\"async\" class=\"aligncenter size-large wp-image-1384\" src=\"https:\/\/www.lesamisdegrandrif.fr\/wp-content\/uploads\/2021\/08\/DSC_0559-1024x681.jpg\" alt=\"\" width=\"640\" height=\"426\" srcset=\"https:\/\/www.lesamisdelajarpe.fr\/wp-content\/uploads\/2021\/08\/DSC_0559-1024x681.jpg 1024w, https:\/\/www.lesamisdelajarpe.fr\/wp-content\/uploads\/2021\/08\/DSC_0559-300x199.jpg 300w, https:\/\/www.lesamisdelajarpe.fr\/wp-content\/uploads\/2021\/08\/DSC_0559-768x511.jpg 768w, https:\/\/www.lesamisdelajarpe.fr\/wp-content\/uploads\/2021\/08\/DSC_0559-1536x1021.jpg 1536w, https:\/\/www.lesamisdelajarpe.fr\/wp-content\/uploads\/2021\/08\/DSC_0559-2048x1362.jpg 2048w, https:\/\/www.lesamisdelajarpe.fr\/wp-content\/uploads\/2021\/08\/DSC_0559-800x532.jpg 800w\" sizes=\"auto, (max-width: 640px) 100vw, 640px\" \/><\/p>\n<p><img loading=\"lazy\" decoding=\"async\" class=\"aligncenter size-large wp-image-1383\" src=\"https:\/\/www.lesamisdegrandrif.fr\/wp-content\/uploads\/2021\/08\/DSC_0563-1024x681.jpg\" alt=\"\" width=\"640\" height=\"426\" srcset=\"https:\/\/www.lesamisdelajarpe.fr\/wp-content\/uploads\/2021\/08\/DSC_0563-1024x681.jpg 1024w, https:\/\/www.lesamisdelajarpe.fr\/wp-content\/uploads\/2021\/08\/DSC_0563-300x199.jpg 300w, https:\/\/www.lesamisdelajarpe.fr\/wp-content\/uploads\/2021\/08\/DSC_0563-768x511.jpg 768w, https:\/\/www.lesamisdelajarpe.fr\/wp-content\/uploads\/2021\/08\/DSC_0563-1536x1021.jpg 1536w, https:\/\/www.lesamisdelajarpe.fr\/wp-content\/uploads\/2021\/08\/DSC_0563-2048x1362.jpg 2048w, https:\/\/www.lesamisdelajarpe.fr\/wp-content\/uploads\/2021\/08\/DSC_0563-800x532.jpg 800w\" sizes=\"auto, (max-width: 640px) 100vw, 640px\" \/><\/p>\n<p><img loading=\"lazy\" decoding=\"async\" class=\"aligncenter size-large wp-image-1385\" src=\"https:\/\/www.lesamisdegrandrif.fr\/wp-content\/uploads\/2021\/08\/DSC_0560-1024x681.jpg\" alt=\"\" width=\"640\" height=\"426\" srcset=\"https:\/\/www.lesamisdelajarpe.fr\/wp-content\/uploads\/2021\/08\/DSC_0560-1024x681.jpg 1024w, https:\/\/www.lesamisdelajarpe.fr\/wp-content\/uploads\/2021\/08\/DSC_0560-300x199.jpg 300w, https:\/\/www.lesamisdelajarpe.fr\/wp-content\/uploads\/2021\/08\/DSC_0560-768x511.jpg 768w, https:\/\/www.lesamisdelajarpe.fr\/wp-content\/uploads\/2021\/08\/DSC_0560-1536x1021.jpg 1536w, https:\/\/www.lesamisdelajarpe.fr\/wp-content\/uploads\/2021\/08\/DSC_0560-2048x1362.jpg 2048w, https:\/\/www.lesamisdelajarpe.fr\/wp-content\/uploads\/2021\/08\/DSC_0560-800x532.jpg 800w\" sizes=\"auto, (max-width: 640px) 100vw, 640px\" \/><\/p>\n<p>Jonquille de Grandrif et D\u00e9m\u00e9ter de Saint Alyre :<\/p>\n<p><img loading=\"lazy\" decoding=\"async\" class=\"aligncenter size-large wp-image-1386\" src=\"https:\/\/www.lesamisdegrandrif.fr\/wp-content\/uploads\/2021\/08\/DSC_0556-1024x681.jpg\" alt=\"\" width=\"640\" height=\"426\" srcset=\"https:\/\/www.lesamisdelajarpe.fr\/wp-content\/uploads\/2021\/08\/DSC_0556-1024x681.jpg 1024w, https:\/\/www.lesamisdelajarpe.fr\/wp-content\/uploads\/2021\/08\/DSC_0556-300x199.jpg 300w, https:\/\/www.lesamisdelajarpe.fr\/wp-content\/uploads\/2021\/08\/DSC_0556-768x511.jpg 768w, https:\/\/www.lesamisdelajarpe.fr\/wp-content\/uploads\/2021\/08\/DSC_0556-1536x1021.jpg 1536w, https:\/\/www.lesamisdelajarpe.fr\/wp-content\/uploads\/2021\/08\/DSC_0556-2048x1362.jpg 2048w, https:\/\/www.lesamisdelajarpe.fr\/wp-content\/uploads\/2021\/08\/DSC_0556-800x532.jpg 800w\" sizes=\"auto, (max-width: 640px) 100vw, 640px\" \/><\/p>\n<p><img loading=\"lazy\" decoding=\"async\" class=\"aligncenter size-large wp-image-1380\" src=\"https:\/\/www.lesamisdegrandrif.fr\/wp-content\/uploads\/2021\/08\/DSC_0566-1024x681.jpg\" alt=\"\" width=\"640\" height=\"426\" srcset=\"https:\/\/www.lesamisdelajarpe.fr\/wp-content\/uploads\/2021\/08\/DSC_0566-1024x681.jpg 1024w, https:\/\/www.lesamisdelajarpe.fr\/wp-content\/uploads\/2021\/08\/DSC_0566-300x199.jpg 300w, https:\/\/www.lesamisdelajarpe.fr\/wp-content\/uploads\/2021\/08\/DSC_0566-768x511.jpg 768w, https:\/\/www.lesamisdelajarpe.fr\/wp-content\/uploads\/2021\/08\/DSC_0566-1536x1021.jpg 1536w, https:\/\/www.lesamisdelajarpe.fr\/wp-content\/uploads\/2021\/08\/DSC_0566-2048x1362.jpg 2048w, https:\/\/www.lesamisdelajarpe.fr\/wp-content\/uploads\/2021\/08\/DSC_0566-800x532.jpg 800w\" sizes=\"auto, (max-width: 640px) 100vw, 640px\" \/><\/p>\n<p><img loading=\"lazy\" decoding=\"async\" class=\"aligncenter size-large wp-image-1382\" src=\"https:\/\/www.lesamisdegrandrif.fr\/wp-content\/uploads\/2021\/08\/DSC_0564-1024x681.jpg\" alt=\"\" width=\"640\" height=\"426\" srcset=\"https:\/\/www.lesamisdelajarpe.fr\/wp-content\/uploads\/2021\/08\/DSC_0564-1024x681.jpg 1024w, https:\/\/www.lesamisdelajarpe.fr\/wp-content\/uploads\/2021\/08\/DSC_0564-300x199.jpg 300w, https:\/\/www.lesamisdelajarpe.fr\/wp-content\/uploads\/2021\/08\/DSC_0564-768x511.jpg 768w, https:\/\/www.lesamisdelajarpe.fr\/wp-content\/uploads\/2021\/08\/DSC_0564-1536x1021.jpg 1536w, https:\/\/www.lesamisdelajarpe.fr\/wp-content\/uploads\/2021\/08\/DSC_0564-2048x1362.jpg 2048w, https:\/\/www.lesamisdelajarpe.fr\/wp-content\/uploads\/2021\/08\/DSC_0564-800x532.jpg 800w\" sizes=\"auto, (max-width: 640px) 100vw, 640px\" \/><\/p>\n<p><img loading=\"lazy\" decoding=\"async\" class=\"aligncenter size-large wp-image-1381\" src=\"https:\/\/www.lesamisdegrandrif.fr\/wp-content\/uploads\/2021\/08\/DSC_0567-1024x681.jpg\" alt=\"\" width=\"640\" height=\"426\" srcset=\"https:\/\/www.lesamisdelajarpe.fr\/wp-content\/uploads\/2021\/08\/DSC_0567-1024x681.jpg 1024w, https:\/\/www.lesamisdelajarpe.fr\/wp-content\/uploads\/2021\/08\/DSC_0567-300x199.jpg 300w, https:\/\/www.lesamisdelajarpe.fr\/wp-content\/uploads\/2021\/08\/DSC_0567-768x511.jpg 768w, https:\/\/www.lesamisdelajarpe.fr\/wp-content\/uploads\/2021\/08\/DSC_0567-1536x1021.jpg 1536w, https:\/\/www.lesamisdelajarpe.fr\/wp-content\/uploads\/2021\/08\/DSC_0567-2048x1362.jpg 2048w, https:\/\/www.lesamisdelajarpe.fr\/wp-content\/uploads\/2021\/08\/DSC_0567-800x532.jpg 800w\" sizes=\"auto, (max-width: 640px) 100vw, 640px\" \/><\/p>\n<p><img loading=\"lazy\" decoding=\"async\" class=\"aligncenter size-large wp-image-1379\" src=\"https:\/\/www.lesamisdegrandrif.fr\/wp-content\/uploads\/2021\/08\/DSC_0565-1024x681.jpg\" alt=\"\" width=\"640\" height=\"426\" srcset=\"https:\/\/www.lesamisdelajarpe.fr\/wp-content\/uploads\/2021\/08\/DSC_0565-1024x681.jpg 1024w, https:\/\/www.lesamisdelajarpe.fr\/wp-content\/uploads\/2021\/08\/DSC_0565-300x199.jpg 300w, https:\/\/www.lesamisdelajarpe.fr\/wp-content\/uploads\/2021\/08\/DSC_0565-768x511.jpg 768w, https:\/\/www.lesamisdelajarpe.fr\/wp-content\/uploads\/2021\/08\/DSC_0565-1536x1021.jpg 1536w, https:\/\/www.lesamisdelajarpe.fr\/wp-content\/uploads\/2021\/08\/DSC_0565-2048x1362.jpg 2048w, https:\/\/www.lesamisdelajarpe.fr\/wp-content\/uploads\/2021\/08\/DSC_0565-800x532.jpg 800w\" sizes=\"auto, (max-width: 640px) 100vw, 640px\" \/><img loading=\"lazy\" decoding=\"async\" class=\"aligncenter size-large wp-image-1387\" src=\"https:\/\/www.lesamisdegrandrif.fr\/wp-content\/uploads\/2021\/08\/DSC_0562-1024x681.jpg\" alt=\"\" width=\"640\" height=\"426\" srcset=\"https:\/\/www.lesamisdelajarpe.fr\/wp-content\/uploads\/2021\/08\/DSC_0562-1024x681.jpg 1024w, https:\/\/www.lesamisdelajarpe.fr\/wp-content\/uploads\/2021\/08\/DSC_0562-300x199.jpg 300w, https:\/\/www.lesamisdelajarpe.fr\/wp-content\/uploads\/2021\/08\/DSC_0562-768x511.jpg 768w, https:\/\/www.lesamisdelajarpe.fr\/wp-content\/uploads\/2021\/08\/DSC_0562-1536x1021.jpg 1536w, https:\/\/www.lesamisdelajarpe.fr\/wp-content\/uploads\/2021\/08\/DSC_0562-2048x1362.jpg 2048w, https:\/\/www.lesamisdelajarpe.fr\/wp-content\/uploads\/2021\/08\/DSC_0562-800x532.jpg 800w\" sizes=\"auto, (max-width: 640px) 100vw, 640px\" \/><\/p>\n<p>NECTUNE, une invit\u00e9e surprise au comptoir du Grand&rsquo;Rif :<\/p>\n<p><img loading=\"lazy\" decoding=\"async\" class=\"aligncenter size-large wp-image-1388\" src=\"https:\/\/www.lesamisdegrandrif.fr\/wp-content\/uploads\/2021\/08\/DSC_0573-1024x681.jpg\" alt=\"\" width=\"640\" height=\"426\" srcset=\"https:\/\/www.lesamisdelajarpe.fr\/wp-content\/uploads\/2021\/08\/DSC_0573-1024x681.jpg 1024w, https:\/\/www.lesamisdelajarpe.fr\/wp-content\/uploads\/2021\/08\/DSC_0573-300x199.jpg 300w, https:\/\/www.lesamisdelajarpe.fr\/wp-content\/uploads\/2021\/08\/DSC_0573-768x511.jpg 768w, https:\/\/www.lesamisdelajarpe.fr\/wp-content\/uploads\/2021\/08\/DSC_0573-1536x1021.jpg 1536w, https:\/\/www.lesamisdelajarpe.fr\/wp-content\/uploads\/2021\/08\/DSC_0573-2048x1362.jpg 2048w, https:\/\/www.lesamisdelajarpe.fr\/wp-content\/uploads\/2021\/08\/DSC_0573-800x532.jpg 800w\" sizes=\"auto, (max-width: 640px) 100vw, 640px\" \/><\/p>\n","protected":false},"excerpt":{"rendered":"<p>Le dimanche 18 juillet 2021 &nbsp; Une belle journ\u00e9e sur la place du bourg, avec un temps cl\u00e9ment, ce qui n&rsquo;a pas toujours \u00e9t\u00e9 le cas en ce mois de juillet. Jonquille de Grandrif et D\u00e9m\u00e9ter de Saint Alyre : NECTUNE, une invit\u00e9e surprise au comptoir du Grand&rsquo;Rif :<\/p>\n","protected":false},"author":2,"featured_media":0,"parent":0,"menu_order":0,"comment_status":"closed","ping_status":"closed","template":"","meta":{"_seopress_robots_primary_cat":"","_seopress_titles_title":"","_seopress_titles_desc":"","_seopress_robots_index":"","_mc_calendar":[],"footnotes":""},"class_list":["post-1377","page","type-page","status-publish","hentry"],"_links":{"self":[{"href":"https:\/\/www.lesamisdelajarpe.fr\/index.php\/wp-json\/wp\/v2\/pages\/1377","targetHints":{"allow":["GET"]}}],"collection":[{"href":"https:\/\/www.lesamisdelajarpe.fr\/index.php\/wp-json\/wp\/v2\/pages"}],"about":[{"href":"https:\/\/www.lesamisdelajarpe.fr\/index.php\/wp-json\/wp\/v2\/types\/page"}],"author":[{"embeddable":true,"href":"https:\/\/www.lesamisdelajarpe.fr\/index.php\/wp-json\/wp\/v2\/users\/2"}],"replies":[{"embeddable":true,"href":"https:\/\/www.lesamisdelajarpe.fr\/index.php\/wp-json\/wp\/v2\/comments?post=1377"}],"version-history":[{"count":2,"href":"https:\/\/www.lesamisdelajarpe.fr\/index.php\/wp-json\/wp\/v2\/pages\/1377\/revisions"}],"predecessor-version":[{"id":1403,"href":"https:\/\/www.lesamisdelajarpe.fr\/index.php\/wp-json\/wp\/v2\/pages\/1377\/revisions\/1403"}],"wp:attachment":[{"href":"https:\/\/www.lesamisdelajarpe.fr\/index.php\/wp-json\/wp\/v2\/media?parent=1377"}],"curies":[{"name":"wp","href":"https:\/\/api.w.org\/{rel}","templated":true}]}}