{"id":1392,"date":"2021-08-02T18:07:20","date_gmt":"2021-08-02T16:07:20","guid":{"rendered":"https:\/\/www.lesamisdegrandrif.fr\/?page_id=1392"},"modified":"2022-07-18T15:02:42","modified_gmt":"2022-07-18T13:02:42","slug":"rallye-de-la-fourme-2","status":"publish","type":"page","link":"https:\/\/www.lesamisdelajarpe.fr\/index.php\/rallye-de-la-fourme-2\/","title":{"rendered":"Rallye de la Fourme 2021"},"content":{"rendered":"<p>Le samedi 31 juillet 2021.<\/p>\n<p>Un bon d\u00e9part sous un ciel plut\u00f4t ensoleill\u00e9 et en milieu d&rsquo;apr\u00e8s midi une pluie d&rsquo;automne avant l&rsquo;heure.<\/p>\n<p><img loading=\"lazy\" decoding=\"async\" class=\"aligncenter size-large wp-image-1395\" src=\"https:\/\/www.lesamisdegrandrif.fr\/wp-content\/uploads\/2021\/08\/DSC_0597-1024x681.jpg\" alt=\"\" width=\"640\" height=\"426\" srcset=\"https:\/\/www.lesamisdelajarpe.fr\/wp-content\/uploads\/2021\/08\/DSC_0597-1024x681.jpg 1024w, https:\/\/www.lesamisdelajarpe.fr\/wp-content\/uploads\/2021\/08\/DSC_0597-300x199.jpg 300w, https:\/\/www.lesamisdelajarpe.fr\/wp-content\/uploads\/2021\/08\/DSC_0597-768x511.jpg 768w, https:\/\/www.lesamisdelajarpe.fr\/wp-content\/uploads\/2021\/08\/DSC_0597-1536x1021.jpg 1536w, https:\/\/www.lesamisdelajarpe.fr\/wp-content\/uploads\/2021\/08\/DSC_0597-2048x1362.jpg 2048w, https:\/\/www.lesamisdelajarpe.fr\/wp-content\/uploads\/2021\/08\/DSC_0597-800x532.jpg 800w\" sizes=\"auto, (max-width: 640px) 100vw, 640px\" \/><\/p>\n<p><img loading=\"lazy\" decoding=\"async\" class=\"aligncenter size-large wp-image-1397\" src=\"https:\/\/www.lesamisdegrandrif.fr\/wp-content\/uploads\/2021\/08\/DSC_0599-1024x681.jpg\" alt=\"\" width=\"640\" height=\"426\" srcset=\"https:\/\/www.lesamisdelajarpe.fr\/wp-content\/uploads\/2021\/08\/DSC_0599-1024x681.jpg 1024w, https:\/\/www.lesamisdelajarpe.fr\/wp-content\/uploads\/2021\/08\/DSC_0599-300x199.jpg 300w, https:\/\/www.lesamisdelajarpe.fr\/wp-content\/uploads\/2021\/08\/DSC_0599-768x511.jpg 768w, https:\/\/www.lesamisdelajarpe.fr\/wp-content\/uploads\/2021\/08\/DSC_0599-1536x1021.jpg 1536w, https:\/\/www.lesamisdelajarpe.fr\/wp-content\/uploads\/2021\/08\/DSC_0599-2048x1362.jpg 2048w, https:\/\/www.lesamisdelajarpe.fr\/wp-content\/uploads\/2021\/08\/DSC_0599-800x532.jpg 800w\" sizes=\"auto, (max-width: 640px) 100vw, 640px\" \/><\/p>\n<p><img loading=\"lazy\" decoding=\"async\" class=\"aligncenter size-large wp-image-1399\" src=\"https:\/\/www.lesamisdegrandrif.fr\/wp-content\/uploads\/2021\/08\/DSC_0604-1024x681.jpg\" alt=\"\" width=\"640\" height=\"426\" srcset=\"https:\/\/www.lesamisdelajarpe.fr\/wp-content\/uploads\/2021\/08\/DSC_0604-1024x681.jpg 1024w, https:\/\/www.lesamisdelajarpe.fr\/wp-content\/uploads\/2021\/08\/DSC_0604-300x199.jpg 300w, https:\/\/www.lesamisdelajarpe.fr\/wp-content\/uploads\/2021\/08\/DSC_0604-768x511.jpg 768w, https:\/\/www.lesamisdelajarpe.fr\/wp-content\/uploads\/2021\/08\/DSC_0604-1536x1021.jpg 1536w, https:\/\/www.lesamisdelajarpe.fr\/wp-content\/uploads\/2021\/08\/DSC_0604-2048x1362.jpg 2048w, https:\/\/www.lesamisdelajarpe.fr\/wp-content\/uploads\/2021\/08\/DSC_0604-800x532.jpg 800w\" sizes=\"auto, (max-width: 640px) 100vw, 640px\" \/><\/p>\n<p><img loading=\"lazy\" decoding=\"async\" class=\"aligncenter size-large wp-image-1398\" src=\"https:\/\/www.lesamisdegrandrif.fr\/wp-content\/uploads\/2021\/08\/DSC_0600-1024x681.jpg\" alt=\"\" width=\"640\" height=\"426\" srcset=\"https:\/\/www.lesamisdelajarpe.fr\/wp-content\/uploads\/2021\/08\/DSC_0600-1024x681.jpg 1024w, https:\/\/www.lesamisdelajarpe.fr\/wp-content\/uploads\/2021\/08\/DSC_0600-300x199.jpg 300w, https:\/\/www.lesamisdelajarpe.fr\/wp-content\/uploads\/2021\/08\/DSC_0600-768x511.jpg 768w, https:\/\/www.lesamisdelajarpe.fr\/wp-content\/uploads\/2021\/08\/DSC_0600-1536x1021.jpg 1536w, https:\/\/www.lesamisdelajarpe.fr\/wp-content\/uploads\/2021\/08\/DSC_0600-2048x1362.jpg 2048w, https:\/\/www.lesamisdelajarpe.fr\/wp-content\/uploads\/2021\/08\/DSC_0600-800x532.jpg 800w\" sizes=\"auto, (max-width: 640px) 100vw, 640px\" \/><\/p>\n<p><img loading=\"lazy\" decoding=\"async\" class=\"aligncenter size-large wp-image-1394\" src=\"https:\/\/www.lesamisdegrandrif.fr\/wp-content\/uploads\/2021\/08\/DSC_0591-1024x681.jpg\" alt=\"\" width=\"640\" height=\"426\" srcset=\"https:\/\/www.lesamisdelajarpe.fr\/wp-content\/uploads\/2021\/08\/DSC_0591-1024x681.jpg 1024w, https:\/\/www.lesamisdelajarpe.fr\/wp-content\/uploads\/2021\/08\/DSC_0591-300x199.jpg 300w, https:\/\/www.lesamisdelajarpe.fr\/wp-content\/uploads\/2021\/08\/DSC_0591-768x511.jpg 768w, https:\/\/www.lesamisdelajarpe.fr\/wp-content\/uploads\/2021\/08\/DSC_0591-1536x1021.jpg 1536w, https:\/\/www.lesamisdelajarpe.fr\/wp-content\/uploads\/2021\/08\/DSC_0591-2048x1362.jpg 2048w, https:\/\/www.lesamisdelajarpe.fr\/wp-content\/uploads\/2021\/08\/DSC_0591-800x532.jpg 800w\" sizes=\"auto, (max-width: 640px) 100vw, 640px\" \/><\/p>\n<p><img loading=\"lazy\" decoding=\"async\" class=\"aligncenter size-large wp-image-1396\" src=\"https:\/\/www.lesamisdegrandrif.fr\/wp-content\/uploads\/2021\/08\/DSC_0598-1024x681.jpg\" alt=\"\" width=\"640\" height=\"426\" srcset=\"https:\/\/www.lesamisdelajarpe.fr\/wp-content\/uploads\/2021\/08\/DSC_0598-1024x681.jpg 1024w, https:\/\/www.lesamisdelajarpe.fr\/wp-content\/uploads\/2021\/08\/DSC_0598-300x199.jpg 300w, https:\/\/www.lesamisdelajarpe.fr\/wp-content\/uploads\/2021\/08\/DSC_0598-768x511.jpg 768w, https:\/\/www.lesamisdelajarpe.fr\/wp-content\/uploads\/2021\/08\/DSC_0598-1536x1021.jpg 1536w, https:\/\/www.lesamisdelajarpe.fr\/wp-content\/uploads\/2021\/08\/DSC_0598-2048x1362.jpg 2048w, https:\/\/www.lesamisdelajarpe.fr\/wp-content\/uploads\/2021\/08\/DSC_0598-800x532.jpg 800w\" sizes=\"auto, (max-width: 640px) 100vw, 640px\" \/><\/p>\n","protected":false},"excerpt":{"rendered":"<p>Le samedi 31 juillet 2021. Un bon d\u00e9part sous un ciel plut\u00f4t ensoleill\u00e9 et en milieu d&rsquo;apr\u00e8s midi une pluie d&rsquo;automne avant l&rsquo;heure.<\/p>\n","protected":false},"author":2,"featured_media":0,"parent":0,"menu_order":0,"comment_status":"closed","ping_status":"closed","template":"","meta":{"_seopress_robots_primary_cat":"","_seopress_titles_title":"","_seopress_titles_desc":"","_seopress_robots_index":"","_mc_calendar":[],"footnotes":""},"class_list":["post-1392","page","type-page","status-publish","hentry"],"_links":{"self":[{"href":"https:\/\/www.lesamisdelajarpe.fr\/index.php\/wp-json\/wp\/v2\/pages\/1392","targetHints":{"allow":["GET"]}}],"collection":[{"href":"https:\/\/www.lesamisdelajarpe.fr\/index.php\/wp-json\/wp\/v2\/pages"}],"about":[{"href":"https:\/\/www.lesamisdelajarpe.fr\/index.php\/wp-json\/wp\/v2\/types\/page"}],"author":[{"embeddable":true,"href":"https:\/\/www.lesamisdelajarpe.fr\/index.php\/wp-json\/wp\/v2\/users\/2"}],"replies":[{"embeddable":true,"href":"https:\/\/www.lesamisdelajarpe.fr\/index.php\/wp-json\/wp\/v2\/comments?post=1392"}],"version-history":[{"count":2,"href":"https:\/\/www.lesamisdelajarpe.fr\/index.php\/wp-json\/wp\/v2\/pages\/1392\/revisions"}],"predecessor-version":[{"id":1605,"href":"https:\/\/www.lesamisdelajarpe.fr\/index.php\/wp-json\/wp\/v2\/pages\/1392\/revisions\/1605"}],"wp:attachment":[{"href":"https:\/\/www.lesamisdelajarpe.fr\/index.php\/wp-json\/wp\/v2\/media?parent=1392"}],"curies":[{"name":"wp","href":"https:\/\/api.w.org\/{rel}","templated":true}]}}