{"id":1445,"date":"2021-12-24T14:47:49","date_gmt":"2021-12-24T13:47:49","guid":{"rendered":"https:\/\/www.lesamisdegrandrif.fr\/?page_id=1445"},"modified":"2021-12-25T11:39:41","modified_gmt":"2021-12-25T10:39:41","slug":"noel-2021","status":"publish","type":"page","link":"https:\/\/www.lesamisdelajarpe.fr\/index.php\/noel-2021\/","title":{"rendered":"No\u00ebl 2021"},"content":{"rendered":"<p>Journ\u00e9e du 18 d\u00e9cembre ensoleill\u00e9e mais fraiche pour ce petit march\u00e9 de No\u00ebl sur la terrasse du Grand&rsquo;Rif.<\/p>\n<p>Les visiteurs ont pu appr\u00e9cier les cr\u00e9ations propos\u00e9es par Les Amis de Grandrif et par l&rsquo;\u00e9cole des P&rsquo;tits Rifs.<\/p>\n<p>Chacun a pu se r\u00e9chauffer autour d&rsquo;un chocolat ou d&rsquo;un vin chauds offerts par la Municipalit\u00e9, et d\u00e9guster les p\u00e2tisseries pr\u00e9par\u00e9es par l&rsquo;association.<\/p>\n<p><img loading=\"lazy\" decoding=\"async\" class=\"aligncenter size-large wp-image-1460\" src=\"https:\/\/www.lesamisdegrandrif.fr\/wp-content\/uploads\/2021\/12\/DSC_0635-1024x681.jpg\" alt=\"\" width=\"640\" height=\"426\" srcset=\"https:\/\/www.lesamisdelajarpe.fr\/wp-content\/uploads\/2021\/12\/DSC_0635-1024x681.jpg 1024w, https:\/\/www.lesamisdelajarpe.fr\/wp-content\/uploads\/2021\/12\/DSC_0635-300x199.jpg 300w, https:\/\/www.lesamisdelajarpe.fr\/wp-content\/uploads\/2021\/12\/DSC_0635-768x511.jpg 768w, https:\/\/www.lesamisdelajarpe.fr\/wp-content\/uploads\/2021\/12\/DSC_0635-1536x1021.jpg 1536w, https:\/\/www.lesamisdelajarpe.fr\/wp-content\/uploads\/2021\/12\/DSC_0635-2048x1362.jpg 2048w, https:\/\/www.lesamisdelajarpe.fr\/wp-content\/uploads\/2021\/12\/DSC_0635-800x532.jpg 800w\" sizes=\"auto, (max-width: 640px) 100vw, 640px\" \/><\/p>\n<p><img loading=\"lazy\" decoding=\"async\" class=\"aligncenter size-large wp-image-1459\" src=\"https:\/\/www.lesamisdegrandrif.fr\/wp-content\/uploads\/2021\/12\/DSC_0644-1024x681.jpg\" alt=\"\" width=\"640\" height=\"426\" srcset=\"https:\/\/www.lesamisdelajarpe.fr\/wp-content\/uploads\/2021\/12\/DSC_0644-1024x681.jpg 1024w, https:\/\/www.lesamisdelajarpe.fr\/wp-content\/uploads\/2021\/12\/DSC_0644-300x199.jpg 300w, https:\/\/www.lesamisdelajarpe.fr\/wp-content\/uploads\/2021\/12\/DSC_0644-768x511.jpg 768w, https:\/\/www.lesamisdelajarpe.fr\/wp-content\/uploads\/2021\/12\/DSC_0644-1536x1021.jpg 1536w, https:\/\/www.lesamisdelajarpe.fr\/wp-content\/uploads\/2021\/12\/DSC_0644-2048x1362.jpg 2048w, https:\/\/www.lesamisdelajarpe.fr\/wp-content\/uploads\/2021\/12\/DSC_0644-800x532.jpg 800w\" sizes=\"auto, (max-width: 640px) 100vw, 640px\" \/><\/p>\n<p><img loading=\"lazy\" decoding=\"async\" class=\"aligncenter size-large wp-image-1455\" src=\"https:\/\/www.lesamisdegrandrif.fr\/wp-content\/uploads\/2021\/12\/DSC_0642-1024x681.jpg\" alt=\"\" width=\"640\" height=\"426\" srcset=\"https:\/\/www.lesamisdelajarpe.fr\/wp-content\/uploads\/2021\/12\/DSC_0642-1024x681.jpg 1024w, https:\/\/www.lesamisdelajarpe.fr\/wp-content\/uploads\/2021\/12\/DSC_0642-300x199.jpg 300w, https:\/\/www.lesamisdelajarpe.fr\/wp-content\/uploads\/2021\/12\/DSC_0642-768x511.jpg 768w, https:\/\/www.lesamisdelajarpe.fr\/wp-content\/uploads\/2021\/12\/DSC_0642-1536x1021.jpg 1536w, https:\/\/www.lesamisdelajarpe.fr\/wp-content\/uploads\/2021\/12\/DSC_0642-2048x1362.jpg 2048w, https:\/\/www.lesamisdelajarpe.fr\/wp-content\/uploads\/2021\/12\/DSC_0642-800x532.jpg 800w\" sizes=\"auto, (max-width: 640px) 100vw, 640px\" \/><\/p>\n<p><img loading=\"lazy\" decoding=\"async\" class=\"aligncenter size-large wp-image-1457\" src=\"https:\/\/www.lesamisdegrandrif.fr\/wp-content\/uploads\/2021\/12\/DSC_0652-681x1024.jpg\" alt=\"\" width=\"640\" height=\"962\" srcset=\"https:\/\/www.lesamisdelajarpe.fr\/wp-content\/uploads\/2021\/12\/DSC_0652-681x1024.jpg 681w, https:\/\/www.lesamisdelajarpe.fr\/wp-content\/uploads\/2021\/12\/DSC_0652-199x300.jpg 199w, https:\/\/www.lesamisdelajarpe.fr\/wp-content\/uploads\/2021\/12\/DSC_0652-768x1155.jpg 768w, https:\/\/www.lesamisdelajarpe.fr\/wp-content\/uploads\/2021\/12\/DSC_0652-1021x1536.jpg 1021w, https:\/\/www.lesamisdelajarpe.fr\/wp-content\/uploads\/2021\/12\/DSC_0652-1362x2048.jpg 1362w, https:\/\/www.lesamisdelajarpe.fr\/wp-content\/uploads\/2021\/12\/DSC_0652-800x1203.jpg 800w, https:\/\/www.lesamisdelajarpe.fr\/wp-content\/uploads\/2021\/12\/DSC_0652-scaled.jpg 1702w\" sizes=\"auto, (max-width: 640px) 100vw, 640px\" \/><\/p>\n<p><img loading=\"lazy\" decoding=\"async\" class=\"aligncenter size-large wp-image-1458\" src=\"https:\/\/www.lesamisdegrandrif.fr\/wp-content\/uploads\/2021\/12\/DSC_0653-1024x681.jpg\" alt=\"\" width=\"640\" height=\"426\" srcset=\"https:\/\/www.lesamisdelajarpe.fr\/wp-content\/uploads\/2021\/12\/DSC_0653-1024x681.jpg 1024w, https:\/\/www.lesamisdelajarpe.fr\/wp-content\/uploads\/2021\/12\/DSC_0653-300x199.jpg 300w, https:\/\/www.lesamisdelajarpe.fr\/wp-content\/uploads\/2021\/12\/DSC_0653-768x511.jpg 768w, https:\/\/www.lesamisdelajarpe.fr\/wp-content\/uploads\/2021\/12\/DSC_0653-1536x1021.jpg 1536w, https:\/\/www.lesamisdelajarpe.fr\/wp-content\/uploads\/2021\/12\/DSC_0653-2048x1362.jpg 2048w, https:\/\/www.lesamisdelajarpe.fr\/wp-content\/uploads\/2021\/12\/DSC_0653-800x532.jpg 800w\" sizes=\"auto, (max-width: 640px) 100vw, 640px\" \/><\/p>\n","protected":false},"excerpt":{"rendered":"<p>Journ\u00e9e du 18 d\u00e9cembre ensoleill\u00e9e mais fraiche pour ce petit march\u00e9 de No\u00ebl sur la terrasse du Grand&rsquo;Rif. Les visiteurs ont pu appr\u00e9cier les cr\u00e9ations propos\u00e9es par Les Amis de Grandrif et par l&rsquo;\u00e9cole des P&rsquo;tits Rifs. Chacun a pu se r\u00e9chauffer autour d&rsquo;un chocolat ou d&rsquo;un vin chauds offerts par la Municipalit\u00e9, et d\u00e9guster &hellip;<\/p>\n","protected":false},"author":2,"featured_media":1456,"parent":0,"menu_order":0,"comment_status":"closed","ping_status":"closed","template":"","meta":{"_seopress_robots_primary_cat":"","_seopress_titles_title":"","_seopress_titles_desc":"","_seopress_robots_index":"","_mc_calendar":[],"footnotes":""},"class_list":["post-1445","page","type-page","status-publish","has-post-thumbnail","hentry"],"_links":{"self":[{"href":"https:\/\/www.lesamisdelajarpe.fr\/index.php\/wp-json\/wp\/v2\/pages\/1445","targetHints":{"allow":["GET"]}}],"collection":[{"href":"https:\/\/www.lesamisdelajarpe.fr\/index.php\/wp-json\/wp\/v2\/pages"}],"about":[{"href":"https:\/\/www.lesamisdelajarpe.fr\/index.php\/wp-json\/wp\/v2\/types\/page"}],"author":[{"embeddable":true,"href":"https:\/\/www.lesamisdelajarpe.fr\/index.php\/wp-json\/wp\/v2\/users\/2"}],"replies":[{"embeddable":true,"href":"https:\/\/www.lesamisdelajarpe.fr\/index.php\/wp-json\/wp\/v2\/comments?post=1445"}],"version-history":[{"count":3,"href":"https:\/\/www.lesamisdelajarpe.fr\/index.php\/wp-json\/wp\/v2\/pages\/1445\/revisions"}],"predecessor-version":[{"id":1462,"href":"https:\/\/www.lesamisdelajarpe.fr\/index.php\/wp-json\/wp\/v2\/pages\/1445\/revisions\/1462"}],"wp:featuredmedia":[{"embeddable":true,"href":"https:\/\/www.lesamisdelajarpe.fr\/index.php\/wp-json\/wp\/v2\/media\/1456"}],"wp:attachment":[{"href":"https:\/\/www.lesamisdelajarpe.fr\/index.php\/wp-json\/wp\/v2\/media?parent=1445"}],"curies":[{"name":"wp","href":"https:\/\/api.w.org\/{rel}","templated":true}]}}