{"id":1449,"date":"2021-12-24T14:50:06","date_gmt":"2021-12-24T13:50:06","guid":{"rendered":"https:\/\/www.lesamisdegrandrif.fr\/?page_id=1449"},"modified":"2021-12-25T12:04:08","modified_gmt":"2021-12-25T11:04:08","slug":"loto-dautomne-2021","status":"publish","type":"page","link":"https:\/\/www.lesamisdelajarpe.fr\/index.php\/loto-dautomne-2021\/","title":{"rendered":"Loto d&rsquo;automne 2021"},"content":{"rendered":"<p>Dimanche 3 octobre, une tr\u00e8s belle affluence est venue r\u00e9compenser les organisatrices de ce loto \u00e0 la salle des f\u00eates de Saint Martin des Olmes.<\/p>\n<p>Malgr\u00e9 les contraintes sanitaires, toutes les places disponibles \u00e9taient occup\u00e9es par les amateurs du jeu.<\/p>\n<p>Fid\u00e8le \u00e0 la tradition, la qualit\u00e9 des lots \u00e9tait au rendez-vous.<\/p>\n<p><img loading=\"lazy\" decoding=\"async\" class=\"aligncenter size-large wp-image-1423\" src=\"https:\/\/www.lesamisdegrandrif.fr\/wp-content\/uploads\/2020\/10\/DSC_0617-1024x681.jpg\" alt=\"\" width=\"640\" height=\"426\" srcset=\"https:\/\/www.lesamisdelajarpe.fr\/wp-content\/uploads\/2020\/10\/DSC_0617-1024x681.jpg 1024w, https:\/\/www.lesamisdelajarpe.fr\/wp-content\/uploads\/2020\/10\/DSC_0617-300x199.jpg 300w, https:\/\/www.lesamisdelajarpe.fr\/wp-content\/uploads\/2020\/10\/DSC_0617-768x511.jpg 768w, https:\/\/www.lesamisdelajarpe.fr\/wp-content\/uploads\/2020\/10\/DSC_0617-1536x1021.jpg 1536w, https:\/\/www.lesamisdelajarpe.fr\/wp-content\/uploads\/2020\/10\/DSC_0617-2048x1362.jpg 2048w, https:\/\/www.lesamisdelajarpe.fr\/wp-content\/uploads\/2020\/10\/DSC_0617-800x532.jpg 800w\" sizes=\"auto, (max-width: 640px) 100vw, 640px\" \/><\/p>\n<p><img loading=\"lazy\" decoding=\"async\" class=\"aligncenter size-large wp-image-1422\" src=\"https:\/\/www.lesamisdegrandrif.fr\/wp-content\/uploads\/2020\/10\/DSC_0618-1024x681.jpg\" alt=\"\" width=\"640\" height=\"426\" srcset=\"https:\/\/www.lesamisdelajarpe.fr\/wp-content\/uploads\/2020\/10\/DSC_0618-1024x681.jpg 1024w, https:\/\/www.lesamisdelajarpe.fr\/wp-content\/uploads\/2020\/10\/DSC_0618-300x199.jpg 300w, https:\/\/www.lesamisdelajarpe.fr\/wp-content\/uploads\/2020\/10\/DSC_0618-768x511.jpg 768w, https:\/\/www.lesamisdelajarpe.fr\/wp-content\/uploads\/2020\/10\/DSC_0618-1536x1021.jpg 1536w, https:\/\/www.lesamisdelajarpe.fr\/wp-content\/uploads\/2020\/10\/DSC_0618-2048x1362.jpg 2048w, https:\/\/www.lesamisdelajarpe.fr\/wp-content\/uploads\/2020\/10\/DSC_0618-800x532.jpg 800w\" sizes=\"auto, (max-width: 640px) 100vw, 640px\" \/><\/p>\n<p><img loading=\"lazy\" decoding=\"async\" class=\"aligncenter size-large wp-image-1421\" src=\"https:\/\/www.lesamisdegrandrif.fr\/wp-content\/uploads\/2020\/10\/DSC_0619-1024x681.jpg\" alt=\"\" width=\"640\" height=\"426\" srcset=\"https:\/\/www.lesamisdelajarpe.fr\/wp-content\/uploads\/2020\/10\/DSC_0619-1024x681.jpg 1024w, https:\/\/www.lesamisdelajarpe.fr\/wp-content\/uploads\/2020\/10\/DSC_0619-300x199.jpg 300w, https:\/\/www.lesamisdelajarpe.fr\/wp-content\/uploads\/2020\/10\/DSC_0619-768x511.jpg 768w, https:\/\/www.lesamisdelajarpe.fr\/wp-content\/uploads\/2020\/10\/DSC_0619-1536x1021.jpg 1536w, https:\/\/www.lesamisdelajarpe.fr\/wp-content\/uploads\/2020\/10\/DSC_0619-2048x1362.jpg 2048w, https:\/\/www.lesamisdelajarpe.fr\/wp-content\/uploads\/2020\/10\/DSC_0619-800x532.jpg 800w\" sizes=\"auto, (max-width: 640px) 100vw, 640px\" \/><\/p>\n<p><img loading=\"lazy\" decoding=\"async\" class=\"aligncenter size-large wp-image-1420\" src=\"https:\/\/www.lesamisdegrandrif.fr\/wp-content\/uploads\/2020\/10\/DSC_0620-1024x681.jpg\" alt=\"\" width=\"640\" height=\"426\" srcset=\"https:\/\/www.lesamisdelajarpe.fr\/wp-content\/uploads\/2020\/10\/DSC_0620-1024x681.jpg 1024w, https:\/\/www.lesamisdelajarpe.fr\/wp-content\/uploads\/2020\/10\/DSC_0620-300x199.jpg 300w, https:\/\/www.lesamisdelajarpe.fr\/wp-content\/uploads\/2020\/10\/DSC_0620-768x511.jpg 768w, https:\/\/www.lesamisdelajarpe.fr\/wp-content\/uploads\/2020\/10\/DSC_0620-1536x1021.jpg 1536w, https:\/\/www.lesamisdelajarpe.fr\/wp-content\/uploads\/2020\/10\/DSC_0620-2048x1362.jpg 2048w, https:\/\/www.lesamisdelajarpe.fr\/wp-content\/uploads\/2020\/10\/DSC_0620-800x532.jpg 800w\" sizes=\"auto, (max-width: 640px) 100vw, 640px\" \/><\/p>\n<p><img loading=\"lazy\" decoding=\"async\" class=\"aligncenter size-large wp-image-1419\" src=\"https:\/\/www.lesamisdegrandrif.fr\/wp-content\/uploads\/2020\/10\/DSC_0621-1024x681.jpg\" alt=\"\" width=\"640\" height=\"426\" srcset=\"https:\/\/www.lesamisdelajarpe.fr\/wp-content\/uploads\/2020\/10\/DSC_0621-1024x681.jpg 1024w, https:\/\/www.lesamisdelajarpe.fr\/wp-content\/uploads\/2020\/10\/DSC_0621-300x199.jpg 300w, https:\/\/www.lesamisdelajarpe.fr\/wp-content\/uploads\/2020\/10\/DSC_0621-768x511.jpg 768w, https:\/\/www.lesamisdelajarpe.fr\/wp-content\/uploads\/2020\/10\/DSC_0621-1536x1021.jpg 1536w, https:\/\/www.lesamisdelajarpe.fr\/wp-content\/uploads\/2020\/10\/DSC_0621-2048x1362.jpg 2048w, https:\/\/www.lesamisdelajarpe.fr\/wp-content\/uploads\/2020\/10\/DSC_0621-800x532.jpg 800w\" sizes=\"auto, (max-width: 640px) 100vw, 640px\" \/><\/p>\n","protected":false},"excerpt":{"rendered":"<p>Dimanche 3 octobre, une tr\u00e8s belle affluence est venue r\u00e9compenser les organisatrices de ce loto \u00e0 la salle des f\u00eates de Saint Martin des Olmes. Malgr\u00e9 les contraintes sanitaires, toutes les places disponibles \u00e9taient occup\u00e9es par les amateurs du jeu. Fid\u00e8le \u00e0 la tradition, la qualit\u00e9 des lots \u00e9tait au rendez-vous.<\/p>\n","protected":false},"author":2,"featured_media":1414,"parent":0,"menu_order":0,"comment_status":"closed","ping_status":"closed","template":"","meta":{"_seopress_robots_primary_cat":"","_seopress_titles_title":"","_seopress_titles_desc":"","_seopress_robots_index":"","_mc_calendar":[],"footnotes":""},"class_list":["post-1449","page","type-page","status-publish","has-post-thumbnail","hentry"],"_links":{"self":[{"href":"https:\/\/www.lesamisdelajarpe.fr\/index.php\/wp-json\/wp\/v2\/pages\/1449","targetHints":{"allow":["GET"]}}],"collection":[{"href":"https:\/\/www.lesamisdelajarpe.fr\/index.php\/wp-json\/wp\/v2\/pages"}],"about":[{"href":"https:\/\/www.lesamisdelajarpe.fr\/index.php\/wp-json\/wp\/v2\/types\/page"}],"author":[{"embeddable":true,"href":"https:\/\/www.lesamisdelajarpe.fr\/index.php\/wp-json\/wp\/v2\/users\/2"}],"replies":[{"embeddable":true,"href":"https:\/\/www.lesamisdelajarpe.fr\/index.php\/wp-json\/wp\/v2\/comments?post=1449"}],"version-history":[{"count":4,"href":"https:\/\/www.lesamisdelajarpe.fr\/index.php\/wp-json\/wp\/v2\/pages\/1449\/revisions"}],"predecessor-version":[{"id":1469,"href":"https:\/\/www.lesamisdelajarpe.fr\/index.php\/wp-json\/wp\/v2\/pages\/1449\/revisions\/1469"}],"wp:featuredmedia":[{"embeddable":true,"href":"https:\/\/www.lesamisdelajarpe.fr\/index.php\/wp-json\/wp\/v2\/media\/1414"}],"wp:attachment":[{"href":"https:\/\/www.lesamisdelajarpe.fr\/index.php\/wp-json\/wp\/v2\/media?parent=1449"}],"curies":[{"name":"wp","href":"https:\/\/api.w.org\/{rel}","templated":true}]}}