{"id":1607,"date":"2022-07-18T15:38:59","date_gmt":"2022-07-18T13:38:59","guid":{"rendered":"https:\/\/www.lesamisdegrandrif.fr\/?page_id=1607"},"modified":"2022-07-18T15:54:06","modified_gmt":"2022-07-18T13:54:06","slug":"vide-grenier-2022","status":"publish","type":"page","link":"https:\/\/www.lesamisdelajarpe.fr\/index.php\/vide-grenier-2022\/","title":{"rendered":"Vide grenier 2022"},"content":{"rendered":"<p>Une journ\u00e9e ensoleill\u00e9e et tr\u00e8s chaude pour cette \u00e9dition. Une importante fr\u00e9quentation qui a satisfait\u00a0 exposants et organisateurs :<\/p>\n<p><img loading=\"lazy\" decoding=\"async\" class=\"wp-image-1611 alignright\" src=\"https:\/\/www.lesamisdegrandrif.fr\/wp-content\/uploads\/2022\/07\/DSC_0847-1024x681.jpg\" alt=\"\" width=\"455\" height=\"303\" srcset=\"https:\/\/www.lesamisdelajarpe.fr\/wp-content\/uploads\/2022\/07\/DSC_0847-1024x681.jpg 1024w, https:\/\/www.lesamisdelajarpe.fr\/wp-content\/uploads\/2022\/07\/DSC_0847-300x199.jpg 300w, https:\/\/www.lesamisdelajarpe.fr\/wp-content\/uploads\/2022\/07\/DSC_0847-768x511.jpg 768w, https:\/\/www.lesamisdelajarpe.fr\/wp-content\/uploads\/2022\/07\/DSC_0847-1536x1021.jpg 1536w, https:\/\/www.lesamisdelajarpe.fr\/wp-content\/uploads\/2022\/07\/DSC_0847-2048x1362.jpg 2048w, https:\/\/www.lesamisdelajarpe.fr\/wp-content\/uploads\/2022\/07\/DSC_0847-800x532.jpg 800w\" sizes=\"auto, (max-width: 455px) 100vw, 455px\" \/><\/p>\n<p><img loading=\"lazy\" decoding=\"async\" class=\"wp-image-1610 alignleft\" src=\"https:\/\/www.lesamisdegrandrif.fr\/wp-content\/uploads\/2022\/07\/DSC_0846-1024x681.jpg\" alt=\"\" width=\"457\" height=\"304\" srcset=\"https:\/\/www.lesamisdelajarpe.fr\/wp-content\/uploads\/2022\/07\/DSC_0846-1024x681.jpg 1024w, https:\/\/www.lesamisdelajarpe.fr\/wp-content\/uploads\/2022\/07\/DSC_0846-300x199.jpg 300w, https:\/\/www.lesamisdelajarpe.fr\/wp-content\/uploads\/2022\/07\/DSC_0846-768x511.jpg 768w, https:\/\/www.lesamisdelajarpe.fr\/wp-content\/uploads\/2022\/07\/DSC_0846-1536x1021.jpg 1536w, https:\/\/www.lesamisdelajarpe.fr\/wp-content\/uploads\/2022\/07\/DSC_0846-2048x1362.jpg 2048w, https:\/\/www.lesamisdelajarpe.fr\/wp-content\/uploads\/2022\/07\/DSC_0846-800x532.jpg 800w\" sizes=\"auto, (max-width: 457px) 100vw, 457px\" \/><\/p>\n<p><img loading=\"lazy\" decoding=\"async\" class=\"wp-image-1612 alignnone\" src=\"https:\/\/www.lesamisdegrandrif.fr\/wp-content\/uploads\/2022\/07\/DSC_0848-681x1024.jpg\" alt=\"\" width=\"275\" height=\"413\" srcset=\"https:\/\/www.lesamisdelajarpe.fr\/wp-content\/uploads\/2022\/07\/DSC_0848-681x1024.jpg 681w, https:\/\/www.lesamisdelajarpe.fr\/wp-content\/uploads\/2022\/07\/DSC_0848-199x300.jpg 199w, https:\/\/www.lesamisdelajarpe.fr\/wp-content\/uploads\/2022\/07\/DSC_0848-768x1155.jpg 768w, https:\/\/www.lesamisdelajarpe.fr\/wp-content\/uploads\/2022\/07\/DSC_0848-1021x1536.jpg 1021w, https:\/\/www.lesamisdelajarpe.fr\/wp-content\/uploads\/2022\/07\/DSC_0848-1362x2048.jpg 1362w, https:\/\/www.lesamisdelajarpe.fr\/wp-content\/uploads\/2022\/07\/DSC_0848-800x1203.jpg 800w, https:\/\/www.lesamisdelajarpe.fr\/wp-content\/uploads\/2022\/07\/DSC_0848-scaled.jpg 1702w\" sizes=\"auto, (max-width: 275px) 100vw, 275px\" \/><\/p>\n<p><img loading=\"lazy\" decoding=\"async\" class=\"wp-image-1614 alignleft\" src=\"https:\/\/www.lesamisdegrandrif.fr\/wp-content\/uploads\/2022\/07\/DSC_0850-1024x681.jpg\" alt=\"\" width=\"457\" height=\"304\" srcset=\"https:\/\/www.lesamisdelajarpe.fr\/wp-content\/uploads\/2022\/07\/DSC_0850-1024x681.jpg 1024w, https:\/\/www.lesamisdelajarpe.fr\/wp-content\/uploads\/2022\/07\/DSC_0850-300x199.jpg 300w, https:\/\/www.lesamisdelajarpe.fr\/wp-content\/uploads\/2022\/07\/DSC_0850-768x511.jpg 768w, https:\/\/www.lesamisdelajarpe.fr\/wp-content\/uploads\/2022\/07\/DSC_0850-1536x1021.jpg 1536w, https:\/\/www.lesamisdelajarpe.fr\/wp-content\/uploads\/2022\/07\/DSC_0850-2048x1362.jpg 2048w, https:\/\/www.lesamisdelajarpe.fr\/wp-content\/uploads\/2022\/07\/DSC_0850-800x532.jpg 800w\" sizes=\"auto, (max-width: 457px) 100vw, 457px\" \/> <img loading=\"lazy\" decoding=\"async\" class=\"wp-image-1615 alignright\" src=\"https:\/\/www.lesamisdegrandrif.fr\/wp-content\/uploads\/2022\/07\/DSC_0851-1024x681.jpg\" alt=\"\" width=\"465\" height=\"309\" srcset=\"https:\/\/www.lesamisdelajarpe.fr\/wp-content\/uploads\/2022\/07\/DSC_0851-1024x681.jpg 1024w, https:\/\/www.lesamisdelajarpe.fr\/wp-content\/uploads\/2022\/07\/DSC_0851-300x199.jpg 300w, https:\/\/www.lesamisdelajarpe.fr\/wp-content\/uploads\/2022\/07\/DSC_0851-768x511.jpg 768w, https:\/\/www.lesamisdelajarpe.fr\/wp-content\/uploads\/2022\/07\/DSC_0851-1536x1021.jpg 1536w, https:\/\/www.lesamisdelajarpe.fr\/wp-content\/uploads\/2022\/07\/DSC_0851-2048x1362.jpg 2048w, https:\/\/www.lesamisdelajarpe.fr\/wp-content\/uploads\/2022\/07\/DSC_0851-800x532.jpg 800w\" sizes=\"auto, (max-width: 465px) 100vw, 465px\" \/><img loading=\"lazy\" decoding=\"async\" class=\"wp-image-1616 alignleft\" src=\"https:\/\/www.lesamisdegrandrif.fr\/wp-content\/uploads\/2022\/07\/DSC_0853-1024x681.jpg\" alt=\"\" width=\"457\" height=\"304\" srcset=\"https:\/\/www.lesamisdelajarpe.fr\/wp-content\/uploads\/2022\/07\/DSC_0853-1024x681.jpg 1024w, https:\/\/www.lesamisdelajarpe.fr\/wp-content\/uploads\/2022\/07\/DSC_0853-300x199.jpg 300w, https:\/\/www.lesamisdelajarpe.fr\/wp-content\/uploads\/2022\/07\/DSC_0853-768x511.jpg 768w, https:\/\/www.lesamisdelajarpe.fr\/wp-content\/uploads\/2022\/07\/DSC_0853-1536x1021.jpg 1536w, https:\/\/www.lesamisdelajarpe.fr\/wp-content\/uploads\/2022\/07\/DSC_0853-2048x1362.jpg 2048w, https:\/\/www.lesamisdelajarpe.fr\/wp-content\/uploads\/2022\/07\/DSC_0853-800x532.jpg 800w\" sizes=\"auto, (max-width: 457px) 100vw, 457px\" \/> \u00a0<img loading=\"lazy\" decoding=\"async\" class=\"wp-image-1618 alignright\" src=\"https:\/\/www.lesamisdegrandrif.fr\/wp-content\/uploads\/2022\/07\/DSC_0856-1024x681.jpg\" alt=\"\" width=\"457\" height=\"304\" srcset=\"https:\/\/www.lesamisdelajarpe.fr\/wp-content\/uploads\/2022\/07\/DSC_0856-1024x681.jpg 1024w, https:\/\/www.lesamisdelajarpe.fr\/wp-content\/uploads\/2022\/07\/DSC_0856-300x199.jpg 300w, https:\/\/www.lesamisdelajarpe.fr\/wp-content\/uploads\/2022\/07\/DSC_0856-768x511.jpg 768w, https:\/\/www.lesamisdelajarpe.fr\/wp-content\/uploads\/2022\/07\/DSC_0856-1536x1021.jpg 1536w, https:\/\/www.lesamisdelajarpe.fr\/wp-content\/uploads\/2022\/07\/DSC_0856-2048x1362.jpg 2048w, https:\/\/www.lesamisdelajarpe.fr\/wp-content\/uploads\/2022\/07\/DSC_0856-800x532.jpg 800w\" sizes=\"auto, (max-width: 457px) 100vw, 457px\" \/><\/p>\n<p><img loading=\"lazy\" decoding=\"async\" class=\"wp-image-1619 alignleft\" src=\"https:\/\/www.lesamisdegrandrif.fr\/wp-content\/uploads\/2022\/07\/DSC_0847-1-1024x681.jpg\" alt=\"\" width=\"457\" height=\"304\" srcset=\"https:\/\/www.lesamisdelajarpe.fr\/wp-content\/uploads\/2022\/07\/DSC_0847-1-1024x681.jpg 1024w, https:\/\/www.lesamisdelajarpe.fr\/wp-content\/uploads\/2022\/07\/DSC_0847-1-300x199.jpg 300w, https:\/\/www.lesamisdelajarpe.fr\/wp-content\/uploads\/2022\/07\/DSC_0847-1-768x511.jpg 768w, https:\/\/www.lesamisdelajarpe.fr\/wp-content\/uploads\/2022\/07\/DSC_0847-1-1536x1021.jpg 1536w, https:\/\/www.lesamisdelajarpe.fr\/wp-content\/uploads\/2022\/07\/DSC_0847-1-2048x1362.jpg 2048w, https:\/\/www.lesamisdelajarpe.fr\/wp-content\/uploads\/2022\/07\/DSC_0847-1-800x532.jpg 800w\" sizes=\"auto, (max-width: 457px) 100vw, 457px\" \/><img loading=\"lazy\" decoding=\"async\" class=\"wp-image-1620 alignright\" src=\"https:\/\/www.lesamisdegrandrif.fr\/wp-content\/uploads\/2022\/07\/DSC_0860-1024x681.jpg\" alt=\"\" width=\"452\" height=\"301\" srcset=\"https:\/\/www.lesamisdelajarpe.fr\/wp-content\/uploads\/2022\/07\/DSC_0860-1024x681.jpg 1024w, https:\/\/www.lesamisdelajarpe.fr\/wp-content\/uploads\/2022\/07\/DSC_0860-300x199.jpg 300w, https:\/\/www.lesamisdelajarpe.fr\/wp-content\/uploads\/2022\/07\/DSC_0860-768x511.jpg 768w, https:\/\/www.lesamisdelajarpe.fr\/wp-content\/uploads\/2022\/07\/DSC_0860-1536x1021.jpg 1536w, https:\/\/www.lesamisdelajarpe.fr\/wp-content\/uploads\/2022\/07\/DSC_0860-2048x1362.jpg 2048w, https:\/\/www.lesamisdelajarpe.fr\/wp-content\/uploads\/2022\/07\/DSC_0860-800x532.jpg 800w\" sizes=\"auto, (max-width: 452px) 100vw, 452px\" \/><\/p>\n<p>&nbsp;<\/p>\n<p><img loading=\"lazy\" decoding=\"async\" class=\"wp-image-1621 alignleft\" src=\"https:\/\/www.lesamisdegrandrif.fr\/wp-content\/uploads\/2022\/07\/DSC_0857-1024x681.jpg\" alt=\"\" width=\"457\" height=\"304\" srcset=\"https:\/\/www.lesamisdelajarpe.fr\/wp-content\/uploads\/2022\/07\/DSC_0857-1024x681.jpg 1024w, https:\/\/www.lesamisdelajarpe.fr\/wp-content\/uploads\/2022\/07\/DSC_0857-300x199.jpg 300w, https:\/\/www.lesamisdelajarpe.fr\/wp-content\/uploads\/2022\/07\/DSC_0857-768x511.jpg 768w, https:\/\/www.lesamisdelajarpe.fr\/wp-content\/uploads\/2022\/07\/DSC_0857-1536x1021.jpg 1536w, https:\/\/www.lesamisdelajarpe.fr\/wp-content\/uploads\/2022\/07\/DSC_0857-2048x1362.jpg 2048w, https:\/\/www.lesamisdelajarpe.fr\/wp-content\/uploads\/2022\/07\/DSC_0857-800x532.jpg 800w\" sizes=\"auto, (max-width: 457px) 100vw, 457px\" \/> <img loading=\"lazy\" decoding=\"async\" class=\"wp-image-1622 alignright\" src=\"https:\/\/www.lesamisdegrandrif.fr\/wp-content\/uploads\/2022\/07\/DSC_0858-1024x681.jpg\" alt=\"\" width=\"458\" height=\"305\" srcset=\"https:\/\/www.lesamisdelajarpe.fr\/wp-content\/uploads\/2022\/07\/DSC_0858-1024x681.jpg 1024w, https:\/\/www.lesamisdelajarpe.fr\/wp-content\/uploads\/2022\/07\/DSC_0858-300x199.jpg 300w, https:\/\/www.lesamisdelajarpe.fr\/wp-content\/uploads\/2022\/07\/DSC_0858-768x511.jpg 768w, https:\/\/www.lesamisdelajarpe.fr\/wp-content\/uploads\/2022\/07\/DSC_0858-1536x1021.jpg 1536w, https:\/\/www.lesamisdelajarpe.fr\/wp-content\/uploads\/2022\/07\/DSC_0858-2048x1362.jpg 2048w, https:\/\/www.lesamisdelajarpe.fr\/wp-content\/uploads\/2022\/07\/DSC_0858-800x532.jpg 800w\" sizes=\"auto, (max-width: 458px) 100vw, 458px\" \/><\/p>\n<p><img loading=\"lazy\" decoding=\"async\" class=\"wp-image-1623 alignleft\" src=\"https:\/\/www.lesamisdegrandrif.fr\/wp-content\/uploads\/2022\/07\/DSC_0859-1024x681.jpg\" alt=\"\" width=\"457\" height=\"304\" srcset=\"https:\/\/www.lesamisdelajarpe.fr\/wp-content\/uploads\/2022\/07\/DSC_0859-1024x681.jpg 1024w, https:\/\/www.lesamisdelajarpe.fr\/wp-content\/uploads\/2022\/07\/DSC_0859-300x199.jpg 300w, https:\/\/www.lesamisdelajarpe.fr\/wp-content\/uploads\/2022\/07\/DSC_0859-768x511.jpg 768w, https:\/\/www.lesamisdelajarpe.fr\/wp-content\/uploads\/2022\/07\/DSC_0859-1536x1021.jpg 1536w, https:\/\/www.lesamisdelajarpe.fr\/wp-content\/uploads\/2022\/07\/DSC_0859-2048x1362.jpg 2048w, https:\/\/www.lesamisdelajarpe.fr\/wp-content\/uploads\/2022\/07\/DSC_0859-800x532.jpg 800w\" sizes=\"auto, (max-width: 457px) 100vw, 457px\" \/><img loading=\"lazy\" decoding=\"async\" class=\"wp-image-1624 alignright\" src=\"https:\/\/www.lesamisdegrandrif.fr\/wp-content\/uploads\/2022\/07\/DSC_0861-1024x681.jpg\" alt=\"\" width=\"455\" height=\"303\" srcset=\"https:\/\/www.lesamisdelajarpe.fr\/wp-content\/uploads\/2022\/07\/DSC_0861-1024x681.jpg 1024w, https:\/\/www.lesamisdelajarpe.fr\/wp-content\/uploads\/2022\/07\/DSC_0861-300x199.jpg 300w, https:\/\/www.lesamisdelajarpe.fr\/wp-content\/uploads\/2022\/07\/DSC_0861-768x511.jpg 768w, https:\/\/www.lesamisdelajarpe.fr\/wp-content\/uploads\/2022\/07\/DSC_0861-1536x1021.jpg 1536w, https:\/\/www.lesamisdelajarpe.fr\/wp-content\/uploads\/2022\/07\/DSC_0861-2048x1362.jpg 2048w, https:\/\/www.lesamisdelajarpe.fr\/wp-content\/uploads\/2022\/07\/DSC_0861-800x532.jpg 800w\" sizes=\"auto, (max-width: 455px) 100vw, 455px\" \/><img loading=\"lazy\" decoding=\"async\" class=\"wp-image-1625 alignleft\" src=\"https:\/\/www.lesamisdegrandrif.fr\/wp-content\/uploads\/2022\/07\/DSC_0862-1024x681.jpg\" alt=\"\" width=\"457\" height=\"304\" srcset=\"https:\/\/www.lesamisdelajarpe.fr\/wp-content\/uploads\/2022\/07\/DSC_0862-1024x681.jpg 1024w, https:\/\/www.lesamisdelajarpe.fr\/wp-content\/uploads\/2022\/07\/DSC_0862-300x199.jpg 300w, https:\/\/www.lesamisdelajarpe.fr\/wp-content\/uploads\/2022\/07\/DSC_0862-768x511.jpg 768w, https:\/\/www.lesamisdelajarpe.fr\/wp-content\/uploads\/2022\/07\/DSC_0862-1536x1021.jpg 1536w, https:\/\/www.lesamisdelajarpe.fr\/wp-content\/uploads\/2022\/07\/DSC_0862-2048x1362.jpg 2048w, https:\/\/www.lesamisdelajarpe.fr\/wp-content\/uploads\/2022\/07\/DSC_0862-800x532.jpg 800w\" sizes=\"auto, (max-width: 457px) 100vw, 457px\" \/><img loading=\"lazy\" decoding=\"async\" class=\"wp-image-1626 alignright\" src=\"https:\/\/www.lesamisdegrandrif.fr\/wp-content\/uploads\/2022\/07\/DSC_0863-1024x681.jpg\" alt=\"\" width=\"457\" height=\"304\" srcset=\"https:\/\/www.lesamisdelajarpe.fr\/wp-content\/uploads\/2022\/07\/DSC_0863-1024x681.jpg 1024w, https:\/\/www.lesamisdelajarpe.fr\/wp-content\/uploads\/2022\/07\/DSC_0863-300x199.jpg 300w, https:\/\/www.lesamisdelajarpe.fr\/wp-content\/uploads\/2022\/07\/DSC_0863-768x511.jpg 768w, https:\/\/www.lesamisdelajarpe.fr\/wp-content\/uploads\/2022\/07\/DSC_0863-1536x1021.jpg 1536w, https:\/\/www.lesamisdelajarpe.fr\/wp-content\/uploads\/2022\/07\/DSC_0863-2048x1362.jpg 2048w, https:\/\/www.lesamisdelajarpe.fr\/wp-content\/uploads\/2022\/07\/DSC_0863-800x532.jpg 800w\" sizes=\"auto, (max-width: 457px) 100vw, 457px\" \/><img loading=\"lazy\" decoding=\"async\" class=\"wp-image-1627 aligncenter\" src=\"https:\/\/www.lesamisdegrandrif.fr\/wp-content\/uploads\/2022\/07\/DSC_0864-1024x681.jpg\" alt=\"\" width=\"458\" height=\"305\" srcset=\"https:\/\/www.lesamisdelajarpe.fr\/wp-content\/uploads\/2022\/07\/DSC_0864-1024x681.jpg 1024w, https:\/\/www.lesamisdelajarpe.fr\/wp-content\/uploads\/2022\/07\/DSC_0864-300x199.jpg 300w, https:\/\/www.lesamisdelajarpe.fr\/wp-content\/uploads\/2022\/07\/DSC_0864-768x511.jpg 768w, https:\/\/www.lesamisdelajarpe.fr\/wp-content\/uploads\/2022\/07\/DSC_0864-1536x1021.jpg 1536w, https:\/\/www.lesamisdelajarpe.fr\/wp-content\/uploads\/2022\/07\/DSC_0864-2048x1362.jpg 2048w, https:\/\/www.lesamisdelajarpe.fr\/wp-content\/uploads\/2022\/07\/DSC_0864-800x532.jpg 800w\" sizes=\"auto, (max-width: 458px) 100vw, 458px\" \/><\/p>\n<p>&nbsp;<\/p>\n<p>Un grand merci \u00e0 Vincent pour ce joli moment de d\u00e9tente apr\u00e8s une journ\u00e9e bien charg\u00e9e :<\/p>\n<p><img loading=\"lazy\" decoding=\"async\" class=\"aligncenter wp-image-1632\" src=\"https:\/\/www.lesamisdegrandrif.fr\/wp-content\/uploads\/2022\/07\/Vincent.jpg\" alt=\"\" width=\"437\" height=\"818\" srcset=\"https:\/\/www.lesamisdelajarpe.fr\/wp-content\/uploads\/2022\/07\/Vincent.jpg 488w, https:\/\/www.lesamisdelajarpe.fr\/wp-content\/uploads\/2022\/07\/Vincent-160x300.jpg 160w\" sizes=\"auto, (max-width: 437px) 100vw, 437px\" \/><\/p>\n","protected":false},"excerpt":{"rendered":"<p>Une journ\u00e9e ensoleill\u00e9e et tr\u00e8s chaude pour cette \u00e9dition. Une importante fr\u00e9quentation qui a satisfait\u00a0 exposants et organisateurs : \u00a0 &nbsp; &nbsp; Un grand merci \u00e0 Vincent pour ce joli moment de d\u00e9tente apr\u00e8s une journ\u00e9e bien charg\u00e9e :<\/p>\n","protected":false},"author":2,"featured_media":0,"parent":0,"menu_order":0,"comment_status":"closed","ping_status":"closed","template":"","meta":{"_seopress_robots_primary_cat":"","_seopress_titles_title":"","_seopress_titles_desc":"","_seopress_robots_index":"","_mc_calendar":[],"footnotes":""},"class_list":["post-1607","page","type-page","status-publish","hentry"],"_links":{"self":[{"href":"https:\/\/www.lesamisdelajarpe.fr\/index.php\/wp-json\/wp\/v2\/pages\/1607","targetHints":{"allow":["GET"]}}],"collection":[{"href":"https:\/\/www.lesamisdelajarpe.fr\/index.php\/wp-json\/wp\/v2\/pages"}],"about":[{"href":"https:\/\/www.lesamisdelajarpe.fr\/index.php\/wp-json\/wp\/v2\/types\/page"}],"author":[{"embeddable":true,"href":"https:\/\/www.lesamisdelajarpe.fr\/index.php\/wp-json\/wp\/v2\/users\/2"}],"replies":[{"embeddable":true,"href":"https:\/\/www.lesamisdelajarpe.fr\/index.php\/wp-json\/wp\/v2\/comments?post=1607"}],"version-history":[{"count":6,"href":"https:\/\/www.lesamisdelajarpe.fr\/index.php\/wp-json\/wp\/v2\/pages\/1607\/revisions"}],"predecessor-version":[{"id":1635,"href":"https:\/\/www.lesamisdelajarpe.fr\/index.php\/wp-json\/wp\/v2\/pages\/1607\/revisions\/1635"}],"wp:attachment":[{"href":"https:\/\/www.lesamisdelajarpe.fr\/index.php\/wp-json\/wp\/v2\/media?parent=1607"}],"curies":[{"name":"wp","href":"https:\/\/api.w.org\/{rel}","templated":true}]}}