{"id":193,"date":"2019-04-01T16:09:06","date_gmt":"2019-04-01T14:09:06","guid":{"rendered":"https:\/\/www.lesamisdegrandrif.fr\/?page_id=193"},"modified":"2019-04-01T16:09:06","modified_gmt":"2019-04-01T14:09:06","slug":"loto-dete-2017","status":"publish","type":"page","link":"https:\/\/www.lesamisdelajarpe.fr\/index.php\/loto-dete-2017\/","title":{"rendered":"Loto d&rsquo;\u00e9t\u00e9 2017"},"content":{"rendered":"<p>5 ao\u00fbt 2017<\/p>\n<p><img loading=\"lazy\" decoding=\"async\" src=\"https:\/\/www.lesamisdegrandrif.fr\/old\/images\/loto%C3%A9t%C3%A92017\/ll20170805_225644.jpg\" alt=\"\" width=\"225\" height=\"400\" \/><\/p>\n<p><img loading=\"lazy\" decoding=\"async\" src=\"https:\/\/www.lesamisdegrandrif.fr\/old\/images\/loto%C3%A9t%C3%A92017\/loto20170805_220339.jpg\" alt=\"\" width=\"400\" height=\"225\" \/><\/p>\n<p><img loading=\"lazy\" decoding=\"async\" src=\"https:\/\/www.lesamisdegrandrif.fr\/old\/images\/loto%C3%A9t%C3%A92017\/loto20170805_220423.jpg\" alt=\"\" width=\"400\" height=\"225\" \/><\/p>\n<p><img loading=\"lazy\" decoding=\"async\" src=\"https:\/\/www.lesamisdegrandrif.fr\/old\/images\/loto%C3%A9t%C3%A92017\/loto20170805_220450.jpg\" alt=\"\" width=\"400\" height=\"225\" \/><\/p>\n<p><img loading=\"lazy\" decoding=\"async\" src=\"https:\/\/www.lesamisdegrandrif.fr\/old\/images\/loto%C3%A9t%C3%A92017\/loto20170805_220516.jpg\" alt=\"\" width=\"400\" height=\"225\" \/><\/p>\n<p><img loading=\"lazy\" decoding=\"async\" src=\"https:\/\/www.lesamisdegrandrif.fr\/old\/images\/loto%C3%A9t%C3%A92017\/loto20170805_220634.jpg\" alt=\"\" width=\"400\" height=\"225\" \/><\/p>\n<p>&nbsp;<\/p>\n","protected":false},"excerpt":{"rendered":"<p>5 ao\u00fbt 2017 &nbsp;<\/p>\n","protected":false},"author":5,"featured_media":0,"parent":0,"menu_order":0,"comment_status":"closed","ping_status":"closed","template":"","meta":{"_seopress_robots_primary_cat":"","_seopress_titles_title":"","_seopress_titles_desc":"","_seopress_robots_index":"","_mc_calendar":[],"footnotes":""},"class_list":["post-193","page","type-page","status-publish","hentry"],"_links":{"self":[{"href":"https:\/\/www.lesamisdelajarpe.fr\/index.php\/wp-json\/wp\/v2\/pages\/193","targetHints":{"allow":["GET"]}}],"collection":[{"href":"https:\/\/www.lesamisdelajarpe.fr\/index.php\/wp-json\/wp\/v2\/pages"}],"about":[{"href":"https:\/\/www.lesamisdelajarpe.fr\/index.php\/wp-json\/wp\/v2\/types\/page"}],"author":[{"embeddable":true,"href":"https:\/\/www.lesamisdelajarpe.fr\/index.php\/wp-json\/wp\/v2\/users\/5"}],"replies":[{"embeddable":true,"href":"https:\/\/www.lesamisdelajarpe.fr\/index.php\/wp-json\/wp\/v2\/comments?post=193"}],"version-history":[{"count":1,"href":"https:\/\/www.lesamisdelajarpe.fr\/index.php\/wp-json\/wp\/v2\/pages\/193\/revisions"}],"predecessor-version":[{"id":198,"href":"https:\/\/www.lesamisdelajarpe.fr\/index.php\/wp-json\/wp\/v2\/pages\/193\/revisions\/198"}],"wp:attachment":[{"href":"https:\/\/www.lesamisdelajarpe.fr\/index.php\/wp-json\/wp\/v2\/media?parent=193"}],"curies":[{"name":"wp","href":"https:\/\/api.w.org\/{rel}","templated":true}]}}