{"id":32,"date":"2019-03-26T10:31:08","date_gmt":"2019-03-26T09:31:08","guid":{"rendered":"https:\/\/www.lesamisdegrandrif.fr\/?page_id=32"},"modified":"2024-08-07T17:14:31","modified_gmt":"2024-08-07T15:14:31","slug":"presentation","status":"publish","type":"page","link":"https:\/\/www.lesamisdelajarpe.fr\/index.php\/presentation\/","title":{"rendered":"Pr\u00e9sentation"},"content":{"rendered":"<p style=\"text-align: center;\"><img loading=\"lazy\" decoding=\"async\" class=\"aligncenter wp-image-1775\" src=\"https:\/\/www.lesamisdegrandrif.fr\/wp-content\/uploads\/2023\/06\/Logo-Association-Coul-02-1.jpg\" alt=\"\" width=\"290\" height=\"325\" srcset=\"https:\/\/www.lesamisdelajarpe.fr\/wp-content\/uploads\/2023\/06\/Logo-Association-Coul-02-1.jpg 944w, https:\/\/www.lesamisdelajarpe.fr\/wp-content\/uploads\/2023\/06\/Logo-Association-Coul-02-1-267x300.jpg 267w, https:\/\/www.lesamisdelajarpe.fr\/wp-content\/uploads\/2023\/06\/Logo-Association-Coul-02-1-912x1024.jpg 912w, https:\/\/www.lesamisdelajarpe.fr\/wp-content\/uploads\/2023\/06\/Logo-Association-Coul-02-1-768x862.jpg 768w, https:\/\/www.lesamisdelajarpe.fr\/wp-content\/uploads\/2023\/06\/Logo-Association-Coul-02-1-800x898.jpg 800w\" sizes=\"auto, (max-width: 290px) 100vw, 290px\" \/><\/p>\n<table class=\" aligncenter\" style=\"height: 162px; width: 55%; border-collapse: collapse;\">\n<tbody>\n<tr style=\"height: 42px;\">\n<td style=\"width: 36.0419%; height: 42px; text-align: center; vertical-align: middle;\" colspan=\"2\"><span style=\"font-size: 18pt;\"><strong>Le Bureau<\/strong><\/span><\/td>\n<\/tr>\n<tr style=\"height: 20px;\">\n<td style=\"width: 21.1162%; height: 20px; vertical-align: middle;\"><strong>Pr\u00e9sident :<\/strong><\/td>\n<td style=\"width: 14.9257%; vertical-align: middle; height: 20px; text-align: left;\">Jacques LAURENT<\/td>\n<\/tr>\n<tr style=\"height: 20px;\">\n<td style=\"width: 21.1162%; vertical-align: middle; height: 20px;\"><strong>Vice-pr\u00e9sident :<\/strong><\/td>\n<td style=\"width: 14.9257%; vertical-align: middle; height: 20px;\">Marc SAULZE<\/td>\n<\/tr>\n<tr style=\"height: 20px;\">\n<td style=\"width: 21.1162%; vertical-align: middle; height: 20px;\"><strong>Tr\u00e9sorier :<\/strong><\/td>\n<td style=\"width: 14.9257%; vertical-align: middle; height: 20px;\">Claudine LAURENT<\/td>\n<\/tr>\n<tr style=\"height: 20px;\">\n<td style=\"width: 21.1162%; vertical-align: middle; height: 20px;\"><strong>Tr\u00e9sorier :<\/strong><\/td>\n<td style=\"width: 14.9257%; vertical-align: middle; height: 20px;\">Thomas FONT<\/td>\n<\/tr>\n<tr style=\"height: 20px;\">\n<td style=\"width: 21.1162%; vertical-align: middle; height: 20px;\"><strong>Secr\u00e9taire :<\/strong><\/td>\n<td style=\"width: 14.9257%; vertical-align: middle; height: 20px;\">Manuela KUZBINSKI<\/td>\n<\/tr>\n<tr style=\"height: 20px;\">\n<td style=\"width: 21.1162%; vertical-align: middle; height: 20px;\"><strong>Secr\u00e9taire adjointe :<\/strong><\/td>\n<td style=\"width: 14.9257%; vertical-align: middle; height: 20px;\">Annie AMEDRO<\/td>\n<\/tr>\n<\/tbody>\n<\/table>\n<p>&nbsp;<\/p>\n<p>&nbsp;<\/p>\n<p>&nbsp;<\/p>\n<p style=\"text-align: center;\"><span style=\"font-size: 18pt;\"><strong>La carte d&rsquo;adh\u00e9rent<\/strong><\/span><\/p>\n<p style=\"text-align: center;\">La carte d&rsquo;adh\u00e9rent est disponible aupr\u00e8s des membres du bureau.<br \/>\nD&rsquo;un co\u00fbt de 5 \u20ac pour l&rsquo;ann\u00e9e en cours, elle vous permet :<br \/>\nde nous aider \u00e0 financer les activit\u00e9s de l&rsquo;association,<br \/>\nd&rsquo;avoir une voix lors de l&rsquo;assembl\u00e9e g\u00e9n\u00e9rale.<\/p>\n","protected":false},"excerpt":{"rendered":"<p>Le Bureau Pr\u00e9sident : Jacques LAURENT Vice-pr\u00e9sident : Marc SAULZE Tr\u00e9sorier : Claudine LAURENT Tr\u00e9sorier : Thomas FONT Secr\u00e9taire : Manuela KUZBINSKI Secr\u00e9taire adjointe : Annie AMEDRO &nbsp; &nbsp; &nbsp; La carte d&rsquo;adh\u00e9rent La carte d&rsquo;adh\u00e9rent est disponible aupr\u00e8s des membres du bureau. D&rsquo;un co\u00fbt de 5 \u20ac pour l&rsquo;ann\u00e9e en cours, elle vous permet &hellip;<\/p>\n","protected":false},"author":5,"featured_media":0,"parent":0,"menu_order":0,"comment_status":"closed","ping_status":"closed","template":"","meta":{"_seopress_robots_primary_cat":"","_seopress_titles_title":"","_seopress_titles_desc":"","_seopress_robots_index":"","_mc_calendar":[],"footnotes":""},"class_list":["post-32","page","type-page","status-publish","hentry"],"_links":{"self":[{"href":"https:\/\/www.lesamisdelajarpe.fr\/index.php\/wp-json\/wp\/v2\/pages\/32","targetHints":{"allow":["GET"]}}],"collection":[{"href":"https:\/\/www.lesamisdelajarpe.fr\/index.php\/wp-json\/wp\/v2\/pages"}],"about":[{"href":"https:\/\/www.lesamisdelajarpe.fr\/index.php\/wp-json\/wp\/v2\/types\/page"}],"author":[{"embeddable":true,"href":"https:\/\/www.lesamisdelajarpe.fr\/index.php\/wp-json\/wp\/v2\/users\/5"}],"replies":[{"embeddable":true,"href":"https:\/\/www.lesamisdelajarpe.fr\/index.php\/wp-json\/wp\/v2\/comments?post=32"}],"version-history":[{"count":14,"href":"https:\/\/www.lesamisdelajarpe.fr\/index.php\/wp-json\/wp\/v2\/pages\/32\/revisions"}],"predecessor-version":[{"id":1972,"href":"https:\/\/www.lesamisdelajarpe.fr\/index.php\/wp-json\/wp\/v2\/pages\/32\/revisions\/1972"}],"wp:attachment":[{"href":"https:\/\/www.lesamisdelajarpe.fr\/index.php\/wp-json\/wp\/v2\/media?parent=32"}],"curies":[{"name":"wp","href":"https:\/\/api.w.org\/{rel}","templated":true}]}}