{"id":379,"date":"2019-04-11T15:17:40","date_gmt":"2019-04-11T13:17:40","guid":{"rendered":"https:\/\/www.lesamisdegrandrif.fr\/?page_id=379"},"modified":"2019-04-11T15:17:40","modified_gmt":"2019-04-11T13:17:40","slug":"repas-des-grandrifois-2015","status":"publish","type":"page","link":"https:\/\/www.lesamisdelajarpe.fr\/index.php\/repas-des-grandrifois-2015\/","title":{"rendered":"Repas des Grandrifois 2015"},"content":{"rendered":"<h3>repas 4\u00a0juillet\u00a02015<\/h3>\n<p>Afin que tous les participants au repas des Grandrifois soient toujours aussi nombreux et satisfaits, l&rsquo;\u00e9quipe des \u00ab\u00a0Amis de Grandrif\u00a0\u00bb a encore cette ann\u00e9e mis les petits plats dans les grands. En effet, arborant de magnifiques tabliers , ils ont assur\u00e9s le service. Et pour continuer la soir\u00e9e tard dans la nuit, une jeune artiste clermontoise ayant certainement un brillant avenir, est venue assurer la partie animation en chantant de nombreuses m\u00e9lodies reprises en coeur par les Grandrifois.<\/p>\n<p>&nbsp;<\/p>\n<p><img loading=\"lazy\" decoding=\"async\" src=\"http:\/\/lesamisdegrandrif.fr\/old\/images\/repas2015\/20150705_011548.jpg\" alt=\"\" width=\"340\" height=\"191\" \/><\/p>\n<p><img loading=\"lazy\" decoding=\"async\" src=\"http:\/\/lesamisdegrandrif.fr\/old\/images\/repas2015\/20150704_212551.jpg\" alt=\"\" width=\"340\" height=\"191\" \/><img loading=\"lazy\" decoding=\"async\" src=\"http:\/\/lesamisdegrandrif.fr\/old\/images\/repas2015\/20150704_212649.jpg\" alt=\"\" width=\"340\" height=\"191\" \/><\/p>\n<p><img loading=\"lazy\" decoding=\"async\" src=\"http:\/\/lesamisdegrandrif.fr\/old\/images\/repas2015\/20150704_213026.jpg\" alt=\"\" width=\"340\" height=\"191\" \/><img loading=\"lazy\" decoding=\"async\" src=\"http:\/\/lesamisdegrandrif.fr\/old\/images\/repas2015\/20150704_232311.jpg\" alt=\"\" width=\"340\" height=\"191\" \/><\/p>\n<p>&nbsp;<\/p>\n<p>&nbsp;<\/p>\n<p>&nbsp;<\/p>\n<p>&nbsp;<\/p>\n<p>&nbsp;<\/p>\n<p>&nbsp;<\/p>\n<p>&nbsp;<\/p>\n<p><img loading=\"lazy\" decoding=\"async\" src=\"http:\/\/lesamisdegrandrif.fr\/old\/images\/repas2015\/20150705_000442.jpg\" alt=\"\" width=\"340\" height=\"191\" \/><img loading=\"lazy\" decoding=\"async\" src=\"http:\/\/lesamisdegrandrif.fr\/old\/images\/repas2015\/20150704_232338.jpg\" alt=\"\" width=\"340\" height=\"191\" \/><\/p>\n<p>&nbsp;<\/p>\n","protected":false},"excerpt":{"rendered":"<p>repas 4\u00a0juillet\u00a02015 Afin que tous les participants au repas des Grandrifois soient toujours aussi nombreux et satisfaits, l&rsquo;\u00e9quipe des \u00ab\u00a0Amis de Grandrif\u00a0\u00bb a encore cette ann\u00e9e mis les petits plats dans les grands. En effet, arborant de magnifiques tabliers , ils ont assur\u00e9s le service. Et pour continuer la soir\u00e9e tard dans la nuit, une &hellip;<\/p>\n","protected":false},"author":2,"featured_media":0,"parent":0,"menu_order":0,"comment_status":"closed","ping_status":"closed","template":"","meta":{"_seopress_robots_primary_cat":"","_seopress_titles_title":"","_seopress_titles_desc":"","_seopress_robots_index":"","_mc_calendar":[],"footnotes":""},"class_list":["post-379","page","type-page","status-publish","hentry"],"_links":{"self":[{"href":"https:\/\/www.lesamisdelajarpe.fr\/index.php\/wp-json\/wp\/v2\/pages\/379","targetHints":{"allow":["GET"]}}],"collection":[{"href":"https:\/\/www.lesamisdelajarpe.fr\/index.php\/wp-json\/wp\/v2\/pages"}],"about":[{"href":"https:\/\/www.lesamisdelajarpe.fr\/index.php\/wp-json\/wp\/v2\/types\/page"}],"author":[{"embeddable":true,"href":"https:\/\/www.lesamisdelajarpe.fr\/index.php\/wp-json\/wp\/v2\/users\/2"}],"replies":[{"embeddable":true,"href":"https:\/\/www.lesamisdelajarpe.fr\/index.php\/wp-json\/wp\/v2\/comments?post=379"}],"version-history":[{"count":1,"href":"https:\/\/www.lesamisdelajarpe.fr\/index.php\/wp-json\/wp\/v2\/pages\/379\/revisions"}],"predecessor-version":[{"id":384,"href":"https:\/\/www.lesamisdelajarpe.fr\/index.php\/wp-json\/wp\/v2\/pages\/379\/revisions\/384"}],"wp:attachment":[{"href":"https:\/\/www.lesamisdelajarpe.fr\/index.php\/wp-json\/wp\/v2\/media?parent=379"}],"curies":[{"name":"wp","href":"https:\/\/api.w.org\/{rel}","templated":true}]}}