{"id":386,"date":"2019-04-11T15:19:41","date_gmt":"2019-04-11T13:19:41","guid":{"rendered":"https:\/\/www.lesamisdegrandrif.fr\/?page_id=386"},"modified":"2019-04-11T15:19:41","modified_gmt":"2019-04-11T13:19:41","slug":"repas-des-grandrifois-2013","status":"publish","type":"page","link":"https:\/\/www.lesamisdelajarpe.fr\/index.php\/repas-des-grandrifois-2013\/","title":{"rendered":"Repas des Grandrifois 2013"},"content":{"rendered":"<h3>Repas des Grandrifois 6 juillet 2013<\/h3>\n<p>Autour du traditionnel jambon, les habitants se sont retrouv\u00e9s nombreux \u00e0 partager cette soir\u00e9e de convivialit\u00e9<\/p>\n<table border=\"0\">\n<tbody>\n<tr>\n<td><a href=\"http:\/\/www.lesamisdegrandrif.fr\/pics\/repas-2013-01.JPG\"><img loading=\"lazy\" decoding=\"async\" title=\"Repas des Grandrifois 6  juillet 2013\" src=\"http:\/\/lesamisdegrandrif.fr\/old\/images\/repas-2013\/tn-repas-2013-01.jpg\" alt=\"Repas des Grandrifois 6  juillet 2013\" width=\"350\" height=\"263\" \/><\/a><\/td>\n<td><a href=\"http:\/\/www.lesamisdegrandrif.fr\/pics\/repas-2013-02.JPG\"><img loading=\"lazy\" decoding=\"async\" title=\"Repas des Grandrifois 6 juillet 2013\" src=\"http:\/\/lesamisdegrandrif.fr\/old\/images\/repas-2013\/tn-repas-2013-02.jpg\" alt=\"Repas des Grandrifois 6 juillet 2013\" width=\"350\" height=\"263\" \/><\/a><\/td>\n<\/tr>\n<\/tbody>\n<\/table>\n","protected":false},"excerpt":{"rendered":"<p>Repas des Grandrifois 6 juillet 2013 Autour du traditionnel jambon, les habitants se sont retrouv\u00e9s nombreux \u00e0 partager cette soir\u00e9e de convivialit\u00e9<\/p>\n","protected":false},"author":2,"featured_media":0,"parent":0,"menu_order":0,"comment_status":"closed","ping_status":"closed","template":"","meta":{"_seopress_robots_primary_cat":"","_seopress_titles_title":"","_seopress_titles_desc":"","_seopress_robots_index":"","_mc_calendar":[],"footnotes":""},"class_list":["post-386","page","type-page","status-publish","hentry"],"_links":{"self":[{"href":"https:\/\/www.lesamisdelajarpe.fr\/index.php\/wp-json\/wp\/v2\/pages\/386","targetHints":{"allow":["GET"]}}],"collection":[{"href":"https:\/\/www.lesamisdelajarpe.fr\/index.php\/wp-json\/wp\/v2\/pages"}],"about":[{"href":"https:\/\/www.lesamisdelajarpe.fr\/index.php\/wp-json\/wp\/v2\/types\/page"}],"author":[{"embeddable":true,"href":"https:\/\/www.lesamisdelajarpe.fr\/index.php\/wp-json\/wp\/v2\/users\/2"}],"replies":[{"embeddable":true,"href":"https:\/\/www.lesamisdelajarpe.fr\/index.php\/wp-json\/wp\/v2\/comments?post=386"}],"version-history":[{"count":1,"href":"https:\/\/www.lesamisdelajarpe.fr\/index.php\/wp-json\/wp\/v2\/pages\/386\/revisions"}],"predecessor-version":[{"id":391,"href":"https:\/\/www.lesamisdelajarpe.fr\/index.php\/wp-json\/wp\/v2\/pages\/386\/revisions\/391"}],"wp:attachment":[{"href":"https:\/\/www.lesamisdelajarpe.fr\/index.php\/wp-json\/wp\/v2\/media?parent=386"}],"curies":[{"name":"wp","href":"https:\/\/api.w.org\/{rel}","templated":true}]}}