{"id":392,"date":"2019-04-11T15:20:42","date_gmt":"2019-04-11T13:20:42","guid":{"rendered":"https:\/\/www.lesamisdegrandrif.fr\/?page_id=392"},"modified":"2019-04-11T15:20:42","modified_gmt":"2019-04-11T13:20:42","slug":"loto-dete-2013","status":"publish","type":"page","link":"https:\/\/www.lesamisdelajarpe.fr\/index.php\/loto-dete-2013\/","title":{"rendered":"Loto d&rsquo;\u00e9t\u00e9 2013"},"content":{"rendered":"<p>Loto d&rsquo;\u00e9t\u00e9 &#8211; Samedi 3 Ao\u00fbt 2013<\/p>\n<table border=\"0\">\n<tbody>\n<tr>\n<td><a href=\"http:\/\/www.lesamisdegrandrif.fr\/pics\/loto-ete-2013-01.JPG\"><img loading=\"lazy\" decoding=\"async\" title=\"Loto d'\u00e9t\u00e9 2013\" src=\"http:\/\/lesamisdegrandrif.fr\/old\/images\/loto-ete-2013\/tn-loto-ete-2013-01.jpg\" alt=\"Loto d'\u00e9t\u00e9 2013\" width=\"350\" height=\"263\" \/><\/a><\/td>\n<td><a href=\"http:\/\/www.lesamisdegrandrif.fr\/pics\/loto-ete-2013-02.JPG\"><img loading=\"lazy\" decoding=\"async\" title=\"Loto d'\u00e9t\u00e9 2013\" src=\"http:\/\/lesamisdegrandrif.fr\/old\/images\/loto-ete-2013\/tn-loto-ete-2013-02.jpg\" alt=\"Loto d'\u00e9t\u00e9 2013\" width=\"350\" height=\"263\" \/><\/a><\/td>\n<\/tr>\n<\/tbody>\n<\/table>\n<p>Loto d&rsquo;automne &#8211; Dimanche 6 Octobre 2013<\/p>\n<table border=\"0\">\n<tbody>\n<tr>\n<td><a href=\"http:\/\/www.lesamisdegrandrif.fr\/pics\/loto-automne-2013-01.JPG\"><img loading=\"lazy\" decoding=\"async\" title=\"Loto d'automne 2013\" src=\"http:\/\/lesamisdegrandrif.fr\/old\/images\/loto-automne-2013\/tn-loto-automne-2013-01.jpg\" alt=\"Loto d'automne 2013\" width=\"350\" height=\"263\" \/><\/a><\/td>\n<td><a href=\"http:\/\/www.lesamisdegrandrif.fr\/pics\/loto-automne-2013-02.JPG\"><img loading=\"lazy\" decoding=\"async\" title=\"Loto d'automne 2013\" src=\"http:\/\/lesamisdegrandrif.fr\/old\/images\/loto-automne-2013\/tn-loto-automne-2013-02.jpg\" alt=\"Loto d'automne 2013\" width=\"350\" height=\"263\" \/><\/a><\/td>\n<\/tr>\n<\/tbody>\n<\/table>\n","protected":false},"excerpt":{"rendered":"<p>Loto d&rsquo;\u00e9t\u00e9 &#8211; Samedi 3 Ao\u00fbt 2013 Loto d&rsquo;automne &#8211; Dimanche 6 Octobre 2013<\/p>\n","protected":false},"author":2,"featured_media":0,"parent":0,"menu_order":0,"comment_status":"closed","ping_status":"closed","template":"","meta":{"_seopress_robots_primary_cat":"","_seopress_titles_title":"","_seopress_titles_desc":"","_seopress_robots_index":"","_mc_calendar":[],"footnotes":""},"class_list":["post-392","page","type-page","status-publish","hentry"],"_links":{"self":[{"href":"https:\/\/www.lesamisdelajarpe.fr\/index.php\/wp-json\/wp\/v2\/pages\/392","targetHints":{"allow":["GET"]}}],"collection":[{"href":"https:\/\/www.lesamisdelajarpe.fr\/index.php\/wp-json\/wp\/v2\/pages"}],"about":[{"href":"https:\/\/www.lesamisdelajarpe.fr\/index.php\/wp-json\/wp\/v2\/types\/page"}],"author":[{"embeddable":true,"href":"https:\/\/www.lesamisdelajarpe.fr\/index.php\/wp-json\/wp\/v2\/users\/2"}],"replies":[{"embeddable":true,"href":"https:\/\/www.lesamisdelajarpe.fr\/index.php\/wp-json\/wp\/v2\/comments?post=392"}],"version-history":[{"count":1,"href":"https:\/\/www.lesamisdelajarpe.fr\/index.php\/wp-json\/wp\/v2\/pages\/392\/revisions"}],"predecessor-version":[{"id":397,"href":"https:\/\/www.lesamisdelajarpe.fr\/index.php\/wp-json\/wp\/v2\/pages\/392\/revisions\/397"}],"wp:attachment":[{"href":"https:\/\/www.lesamisdelajarpe.fr\/index.php\/wp-json\/wp\/v2\/media?parent=392"}],"curies":[{"name":"wp","href":"https:\/\/api.w.org\/{rel}","templated":true}]}}