{"id":398,"date":"2019-04-11T15:21:58","date_gmt":"2019-04-11T13:21:58","guid":{"rendered":"https:\/\/www.lesamisdegrandrif.fr\/?page_id=398"},"modified":"2019-04-11T15:21:58","modified_gmt":"2019-04-11T13:21:58","slug":"balade-familiale-2013","status":"publish","type":"page","link":"https:\/\/www.lesamisdelajarpe.fr\/index.php\/balade-familiale-2013\/","title":{"rendered":"Balade familiale 2013"},"content":{"rendered":"<h3>Balade familiale\u00a011 aout 2013<\/h3>\n<p>Sous un soleil radieux, la balade sur le th\u00e8me des insectes anim\u00e9e par le guide\u00a0Raphael CHEZE a ravi nos tr\u00e8s nombreux participants (petits et grands).<\/p>\n<p>Apr\u00e8s un ap\u00e9ritif servi \u00e0 la source de l&rsquo;ermite accompagn\u00e9 d&rsquo;une d\u00e9gustation d&rsquo;insectes, tout le monde s&rsquo;est retrouv\u00e9 autour de notre habituel repas.<\/p>\n<table border=\"0\">\n<tbody>\n<tr>\n<td><a href=\"http:\/\/www.lesamisdegrandrif.fr\/pics\/vide-grenier-2013-02.JPG\"><img loading=\"lazy\" decoding=\"async\" title=\"Balade familiale 11 aout 2013\" src=\"http:\/\/lesamisdegrandrif.fr\/old\/images\/randonnee-2013\/tn-randonnee-2013-01.jpg\" alt=\"Balade familiale 11 aout 2013\" width=\"352\" height=\"233\" \/><\/a><\/td>\n<td><a href=\"http:\/\/www.lesamisdegrandrif.fr\/pics\/randonnee-2013-02.JPG\"><img loading=\"lazy\" decoding=\"async\" title=\"Balade familiale 11 aout 2013\" src=\"http:\/\/lesamisdegrandrif.fr\/old\/images\/randonnee-2013\/tn-randonnee-2013-02.jpg\" alt=\"Balade familiale 11 aout 2013\" width=\"350\" height=\"233\" \/><\/a><\/td>\n<\/tr>\n<tr>\n<td><a href=\"http:\/\/www.lesamisdegrandrif.fr\/pics\/randonnee-2013-03.JPG\"><img loading=\"lazy\" decoding=\"async\" title=\"Balade familiale 11 aout 2013\" src=\"http:\/\/lesamisdegrandrif.fr\/old\/images\/randonnee-2013\/tn-randonnee-2013-03.jpg\" alt=\"Balade familiale 11 aout 2013\" width=\"350\" height=\"233\" \/><\/a><\/td>\n<td><a href=\"http:\/\/www.lesamisdegrandrif.fr\/pics\/randonnee-2013-04.JPG\"><img loading=\"lazy\" decoding=\"async\" title=\"Balade familiale 11 aout 2013\" src=\"http:\/\/lesamisdegrandrif.fr\/old\/images\/randonnee-2013\/tn-randonnee-2013-04.jpg\" alt=\"Balade familiale 11 aout 2013\" width=\"350\" height=\"233\" \/><\/a><\/td>\n<\/tr>\n<\/tbody>\n<\/table>\n<p>&nbsp;<\/p>\n","protected":false},"excerpt":{"rendered":"<p>Balade familiale\u00a011 aout 2013 Sous un soleil radieux, la balade sur le th\u00e8me des insectes anim\u00e9e par le guide\u00a0Raphael CHEZE a ravi nos tr\u00e8s nombreux participants (petits et grands). Apr\u00e8s un ap\u00e9ritif servi \u00e0 la source de l&rsquo;ermite accompagn\u00e9 d&rsquo;une d\u00e9gustation d&rsquo;insectes, tout le monde s&rsquo;est retrouv\u00e9 autour de notre habituel repas. &nbsp;<\/p>\n","protected":false},"author":2,"featured_media":0,"parent":0,"menu_order":0,"comment_status":"closed","ping_status":"closed","template":"","meta":{"_seopress_robots_primary_cat":"","_seopress_titles_title":"","_seopress_titles_desc":"","_seopress_robots_index":"","_mc_calendar":[],"footnotes":""},"class_list":["post-398","page","type-page","status-publish","hentry"],"_links":{"self":[{"href":"https:\/\/www.lesamisdelajarpe.fr\/index.php\/wp-json\/wp\/v2\/pages\/398","targetHints":{"allow":["GET"]}}],"collection":[{"href":"https:\/\/www.lesamisdelajarpe.fr\/index.php\/wp-json\/wp\/v2\/pages"}],"about":[{"href":"https:\/\/www.lesamisdelajarpe.fr\/index.php\/wp-json\/wp\/v2\/types\/page"}],"author":[{"embeddable":true,"href":"https:\/\/www.lesamisdelajarpe.fr\/index.php\/wp-json\/wp\/v2\/users\/2"}],"replies":[{"embeddable":true,"href":"https:\/\/www.lesamisdelajarpe.fr\/index.php\/wp-json\/wp\/v2\/comments?post=398"}],"version-history":[{"count":1,"href":"https:\/\/www.lesamisdelajarpe.fr\/index.php\/wp-json\/wp\/v2\/pages\/398\/revisions"}],"predecessor-version":[{"id":403,"href":"https:\/\/www.lesamisdelajarpe.fr\/index.php\/wp-json\/wp\/v2\/pages\/398\/revisions\/403"}],"wp:attachment":[{"href":"https:\/\/www.lesamisdelajarpe.fr\/index.php\/wp-json\/wp\/v2\/media?parent=398"}],"curies":[{"name":"wp","href":"https:\/\/api.w.org\/{rel}","templated":true}]}}