{"id":404,"date":"2019-04-11T15:22:53","date_gmt":"2019-04-11T13:22:53","guid":{"rendered":"https:\/\/www.lesamisdegrandrif.fr\/?page_id=404"},"modified":"2019-04-11T15:22:53","modified_gmt":"2019-04-11T13:22:53","slug":"vide-grenier-2013","status":"publish","type":"page","link":"https:\/\/www.lesamisdelajarpe.fr\/index.php\/vide-grenier-2013\/","title":{"rendered":"Vide grenier 2013"},"content":{"rendered":"<h3>Vide Grenier\u00a0 30 juin 2013<\/h3>\n<p>Agr\u00e9able journ\u00e9e o\u00f9 chacun a pu vendre ou chiner sur la place du village<\/p>\n<table border=\"0\">\n<tbody>\n<tr>\n<td><a href=\"http:\/\/www.lesamisdegrandrif.fr\/pics\/repas-2013-02.JPG\"><img loading=\"lazy\" decoding=\"async\" title=\"Vide Grenier 30 Juin 2013\" src=\"http:\/\/lesamisdegrandrif.fr\/old\/images\/vide-grenier-2013\/tn-vide-grenier-2013-01.jpg\" alt=\"Vide Grenier 30 Juin 2013\" width=\"350\" height=\"263\" \/><\/a><\/td>\n<td><a href=\"http:\/\/www.lesamisdegrandrif.fr\/pics\/vide-grenier-2013-02.JPG\"><img loading=\"lazy\" decoding=\"async\" title=\"Vide Grenier 30 Juin 2013\" src=\"http:\/\/lesamisdegrandrif.fr\/old\/images\/vide-grenier-2013\/tn-vide-grenier-2013-02.jpg\" alt=\"Vide Grenier 30 Juin 2013\" width=\"350\" height=\"263\" \/><\/a><\/td>\n<\/tr>\n<\/tbody>\n<\/table>\n","protected":false},"excerpt":{"rendered":"<p>Vide Grenier\u00a0 30 juin 2013 Agr\u00e9able journ\u00e9e o\u00f9 chacun a pu vendre ou chiner sur la place du village<\/p>\n","protected":false},"author":2,"featured_media":0,"parent":0,"menu_order":0,"comment_status":"closed","ping_status":"closed","template":"","meta":{"_seopress_robots_primary_cat":"","_seopress_titles_title":"","_seopress_titles_desc":"","_seopress_robots_index":"","_mc_calendar":[],"footnotes":""},"class_list":["post-404","page","type-page","status-publish","hentry"],"_links":{"self":[{"href":"https:\/\/www.lesamisdelajarpe.fr\/index.php\/wp-json\/wp\/v2\/pages\/404","targetHints":{"allow":["GET"]}}],"collection":[{"href":"https:\/\/www.lesamisdelajarpe.fr\/index.php\/wp-json\/wp\/v2\/pages"}],"about":[{"href":"https:\/\/www.lesamisdelajarpe.fr\/index.php\/wp-json\/wp\/v2\/types\/page"}],"author":[{"embeddable":true,"href":"https:\/\/www.lesamisdelajarpe.fr\/index.php\/wp-json\/wp\/v2\/users\/2"}],"replies":[{"embeddable":true,"href":"https:\/\/www.lesamisdelajarpe.fr\/index.php\/wp-json\/wp\/v2\/comments?post=404"}],"version-history":[{"count":1,"href":"https:\/\/www.lesamisdelajarpe.fr\/index.php\/wp-json\/wp\/v2\/pages\/404\/revisions"}],"predecessor-version":[{"id":409,"href":"https:\/\/www.lesamisdelajarpe.fr\/index.php\/wp-json\/wp\/v2\/pages\/404\/revisions\/409"}],"wp:attachment":[{"href":"https:\/\/www.lesamisdelajarpe.fr\/index.php\/wp-json\/wp\/v2\/media?parent=404"}],"curies":[{"name":"wp","href":"https:\/\/api.w.org\/{rel}","templated":true}]}}