{"id":415,"date":"2019-04-11T15:26:56","date_gmt":"2019-04-11T13:26:56","guid":{"rendered":"https:\/\/www.lesamisdegrandrif.fr\/?page_id=415"},"modified":"2019-04-11T15:26:56","modified_gmt":"2019-04-11T13:26:56","slug":"repas-des-grandrifois-2014","status":"publish","type":"page","link":"https:\/\/www.lesamisdelajarpe.fr\/index.php\/repas-des-grandrifois-2014\/","title":{"rendered":"Repas des Grandrifois 2014"},"content":{"rendered":"<h3>Repas des Grandrifois 5 juillet 2014<\/h3>\n<p>Cette ann\u00e9e encore beaucoup de Grandrifois s&rsquo;\u00e9taient donn\u00e9s rendez vous autour du d\u00e9sormais traditionnel jambon \u00e0 la broche. De nombreuses anecdotes sur le village ont \u00e9t\u00e9 \u00e9chang\u00e9es par tous les participants. De plus, cette ann\u00e9e, un groupe musical compos\u00e9 de charmantes jeunes filles s&rsquo;est charg\u00e9 d&rsquo;animer le d\u00e9roulement du repas.<\/p>\n<p><img loading=\"lazy\" decoding=\"async\" src=\"http:\/\/lesamisdegrandrif.fr\/old\/images\/repas-2014\/CIMG1526.JPG\" alt=\"\" width=\"350\" height=\"263\" \/><img loading=\"lazy\" decoding=\"async\" src=\"http:\/\/lesamisdegrandrif.fr\/old\/images\/repas-2014\/CIMG1527.JPG\" alt=\"\" width=\"350\" height=\"263\" \/><\/p>\n<p><img loading=\"lazy\" decoding=\"async\" src=\"http:\/\/lesamisdegrandrif.fr\/old\/images\/repas-2014\/CIMG1528.JPG\" alt=\"\" width=\"350\" height=\"263\" \/><img loading=\"lazy\" decoding=\"async\" src=\"http:\/\/lesamisdegrandrif.fr\/old\/images\/repas-2014\/CIMG1529.JPG\" alt=\"\" width=\"350\" height=\"263\" \/><\/p>\n<p><img loading=\"lazy\" decoding=\"async\" src=\"http:\/\/lesamisdegrandrif.fr\/old\/images\/repas-2014\/CIMG1530.JPG\" alt=\"\" width=\"350\" height=\"263\" \/><img loading=\"lazy\" decoding=\"async\" src=\"http:\/\/lesamisdegrandrif.fr\/old\/images\/repas-2014\/CIMG1531.JPG\" alt=\"\" width=\"340\" height=\"255\" \/><\/p>\n<p><img loading=\"lazy\" decoding=\"async\" src=\"http:\/\/lesamisdegrandrif.fr\/old\/images\/repas-2014\/CIMG1533.JPG\" alt=\"\" width=\"340\" height=\"255\" \/><img loading=\"lazy\" decoding=\"async\" src=\"http:\/\/lesamisdegrandrif.fr\/old\/images\/repas-2014\/CIMG1534.JPG\" alt=\"\" width=\"340\" height=\"255\" \/><\/p>\n<p><img loading=\"lazy\" decoding=\"async\" src=\"http:\/\/lesamisdegrandrif.fr\/old\/images\/repas-2014\/CIMG1537.JPG\" alt=\"\" width=\"340\" height=\"255\" \/><img loading=\"lazy\" decoding=\"async\" src=\"http:\/\/lesamisdegrandrif.fr\/old\/images\/repas-2014\/CIMG1538.JPG\" alt=\"\" width=\"340\" height=\"255\" \/><\/p>\n<p>&nbsp;<\/p>\n","protected":false},"excerpt":{"rendered":"<p>Repas des Grandrifois 5 juillet 2014 Cette ann\u00e9e encore beaucoup de Grandrifois s&rsquo;\u00e9taient donn\u00e9s rendez vous autour du d\u00e9sormais traditionnel jambon \u00e0 la broche. De nombreuses anecdotes sur le village ont \u00e9t\u00e9 \u00e9chang\u00e9es par tous les participants. De plus, cette ann\u00e9e, un groupe musical compos\u00e9 de charmantes jeunes filles s&rsquo;est charg\u00e9 d&rsquo;animer le d\u00e9roulement du &hellip;<\/p>\n","protected":false},"author":2,"featured_media":0,"parent":0,"menu_order":0,"comment_status":"closed","ping_status":"closed","template":"","meta":{"_seopress_robots_primary_cat":"","_seopress_titles_title":"","_seopress_titles_desc":"","_seopress_robots_index":"","_mc_calendar":[],"footnotes":""},"class_list":["post-415","page","type-page","status-publish","hentry"],"_links":{"self":[{"href":"https:\/\/www.lesamisdelajarpe.fr\/index.php\/wp-json\/wp\/v2\/pages\/415","targetHints":{"allow":["GET"]}}],"collection":[{"href":"https:\/\/www.lesamisdelajarpe.fr\/index.php\/wp-json\/wp\/v2\/pages"}],"about":[{"href":"https:\/\/www.lesamisdelajarpe.fr\/index.php\/wp-json\/wp\/v2\/types\/page"}],"author":[{"embeddable":true,"href":"https:\/\/www.lesamisdelajarpe.fr\/index.php\/wp-json\/wp\/v2\/users\/2"}],"replies":[{"embeddable":true,"href":"https:\/\/www.lesamisdelajarpe.fr\/index.php\/wp-json\/wp\/v2\/comments?post=415"}],"version-history":[{"count":1,"href":"https:\/\/www.lesamisdelajarpe.fr\/index.php\/wp-json\/wp\/v2\/pages\/415\/revisions"}],"predecessor-version":[{"id":420,"href":"https:\/\/www.lesamisdelajarpe.fr\/index.php\/wp-json\/wp\/v2\/pages\/415\/revisions\/420"}],"wp:attachment":[{"href":"https:\/\/www.lesamisdelajarpe.fr\/index.php\/wp-json\/wp\/v2\/media?parent=415"}],"curies":[{"name":"wp","href":"https:\/\/api.w.org\/{rel}","templated":true}]}}