{"id":421,"date":"2019-04-11T15:28:07","date_gmt":"2019-04-11T13:28:07","guid":{"rendered":"https:\/\/www.lesamisdegrandrif.fr\/?page_id=421"},"modified":"2019-04-11T15:28:07","modified_gmt":"2019-04-11T13:28:07","slug":"balade-familiale-2014","status":"publish","type":"page","link":"https:\/\/www.lesamisdelajarpe.fr\/index.php\/balade-familiale-2014\/","title":{"rendered":"Balade familiale 2014"},"content":{"rendered":"<h3>Marche 2014<\/h3>\n<p>Sous un soleil radieux, la marche nous a conduit au barrage des Pradeaux, o\u00f9 nous attendait un guide qui nous a pr\u00e9sent\u00e9 le barrage dans ses moindres d\u00e9tails. Le repas servi devant l&rsquo;ancienne maison des gardes a permis \u00e0 tous de reprendre des forces pour rejoindre Grandrif dans la bonne humeur.<\/p>\n<p>&nbsp;<\/p>\n<p><img loading=\"lazy\" decoding=\"async\" src=\"http:\/\/lesamisdegrandrif.fr\/old\/images\/Marche2014\/20140817_114233.jpg\" alt=\"\" width=\"340\" height=\"191\" \/>\u00a0\u00a0 <img loading=\"lazy\" decoding=\"async\" src=\"http:\/\/lesamisdegrandrif.fr\/old\/images\/Marche2014\/20140817_114251.jpg\" alt=\"\" width=\"340\" height=\"191\" \/><\/p>\n<p><img loading=\"lazy\" decoding=\"async\" src=\"http:\/\/lesamisdegrandrif.fr\/old\/images\/Marche2014\/20140817_132004.jpg\" alt=\"\" width=\"340\" height=\"191\" \/>\u00a0\u00a0 <img loading=\"lazy\" decoding=\"async\" src=\"http:\/\/lesamisdegrandrif.fr\/old\/images\/Marche2014\/20140817_114233.jpg\" alt=\"\" width=\"340\" height=\"191\" \/><\/p>\n<p><img loading=\"lazy\" decoding=\"async\" src=\"http:\/\/lesamisdegrandrif.fr\/old\/images\/Marche2014\/20140817_154918.jpg\" alt=\"\" width=\"340\" height=\"191\" \/>\u00a0\u00a0 <img loading=\"lazy\" decoding=\"async\" src=\"http:\/\/lesamisdegrandrif.fr\/old\/images\/Marche2014\/20140817_155025.jpg\" alt=\"\" width=\"340\" height=\"191\" \/><\/p>\n","protected":false},"excerpt":{"rendered":"<p>Marche 2014 Sous un soleil radieux, la marche nous a conduit au barrage des Pradeaux, o\u00f9 nous attendait un guide qui nous a pr\u00e9sent\u00e9 le barrage dans ses moindres d\u00e9tails. Le repas servi devant l&rsquo;ancienne maison des gardes a permis \u00e0 tous de reprendre des forces pour rejoindre Grandrif dans la bonne humeur. &nbsp; \u00a0\u00a0 &hellip;<\/p>\n","protected":false},"author":2,"featured_media":0,"parent":0,"menu_order":0,"comment_status":"closed","ping_status":"closed","template":"","meta":{"_seopress_robots_primary_cat":"","_seopress_titles_title":"","_seopress_titles_desc":"","_seopress_robots_index":"","_mc_calendar":[],"footnotes":""},"class_list":["post-421","page","type-page","status-publish","hentry"],"_links":{"self":[{"href":"https:\/\/www.lesamisdelajarpe.fr\/index.php\/wp-json\/wp\/v2\/pages\/421","targetHints":{"allow":["GET"]}}],"collection":[{"href":"https:\/\/www.lesamisdelajarpe.fr\/index.php\/wp-json\/wp\/v2\/pages"}],"about":[{"href":"https:\/\/www.lesamisdelajarpe.fr\/index.php\/wp-json\/wp\/v2\/types\/page"}],"author":[{"embeddable":true,"href":"https:\/\/www.lesamisdelajarpe.fr\/index.php\/wp-json\/wp\/v2\/users\/2"}],"replies":[{"embeddable":true,"href":"https:\/\/www.lesamisdelajarpe.fr\/index.php\/wp-json\/wp\/v2\/comments?post=421"}],"version-history":[{"count":1,"href":"https:\/\/www.lesamisdelajarpe.fr\/index.php\/wp-json\/wp\/v2\/pages\/421\/revisions"}],"predecessor-version":[{"id":426,"href":"https:\/\/www.lesamisdelajarpe.fr\/index.php\/wp-json\/wp\/v2\/pages\/421\/revisions\/426"}],"wp:attachment":[{"href":"https:\/\/www.lesamisdelajarpe.fr\/index.php\/wp-json\/wp\/v2\/media?parent=421"}],"curies":[{"name":"wp","href":"https:\/\/api.w.org\/{rel}","templated":true}]}}