{"id":616,"date":"2019-08-10T16:56:22","date_gmt":"2019-08-10T14:56:22","guid":{"rendered":"https:\/\/www.lesamisdegrandrif.fr\/?page_id=616"},"modified":"2019-11-29T17:18:32","modified_gmt":"2019-11-29T16:18:32","slug":"activites-de-lannee","status":"publish","type":"page","link":"https:\/\/www.lesamisdelajarpe.fr\/index.php\/activites-de-lannee\/","title":{"rendered":"Les photos des activit\u00e9s de l&rsquo;ann\u00e9e"},"content":{"rendered":"<p>Retrouvez les photos des animations de l&rsquo;ann\u00e9e en cliquant sur \u00a0 <i class=\"fa fa-caret-right \" ><\/i>\u00a0\u00a0 dans le menu en haut de page.<\/p>\n","protected":false},"excerpt":{"rendered":"<p>Retrouvez les photos des animations de l&rsquo;ann\u00e9e en cliquant sur \u00a0 \u00a0\u00a0 dans le menu en haut de page.<\/p>\n","protected":false},"author":2,"featured_media":0,"parent":0,"menu_order":0,"comment_status":"closed","ping_status":"closed","template":"","meta":{"_seopress_robots_primary_cat":"","_seopress_titles_title":"","_seopress_titles_desc":"","_seopress_robots_index":"","_mc_calendar":[],"footnotes":""},"class_list":["post-616","page","type-page","status-publish","hentry"],"_links":{"self":[{"href":"https:\/\/www.lesamisdelajarpe.fr\/index.php\/wp-json\/wp\/v2\/pages\/616","targetHints":{"allow":["GET"]}}],"collection":[{"href":"https:\/\/www.lesamisdelajarpe.fr\/index.php\/wp-json\/wp\/v2\/pages"}],"about":[{"href":"https:\/\/www.lesamisdelajarpe.fr\/index.php\/wp-json\/wp\/v2\/types\/page"}],"author":[{"embeddable":true,"href":"https:\/\/www.lesamisdelajarpe.fr\/index.php\/wp-json\/wp\/v2\/users\/2"}],"replies":[{"embeddable":true,"href":"https:\/\/www.lesamisdelajarpe.fr\/index.php\/wp-json\/wp\/v2\/comments?post=616"}],"version-history":[{"count":7,"href":"https:\/\/www.lesamisdelajarpe.fr\/index.php\/wp-json\/wp\/v2\/pages\/616\/revisions"}],"predecessor-version":[{"id":819,"href":"https:\/\/www.lesamisdelajarpe.fr\/index.php\/wp-json\/wp\/v2\/pages\/616\/revisions\/819"}],"wp:attachment":[{"href":"https:\/\/www.lesamisdelajarpe.fr\/index.php\/wp-json\/wp\/v2\/media?parent=616"}],"curies":[{"name":"wp","href":"https:\/\/api.w.org\/{rel}","templated":true}]}}