{"id":747,"date":"2019-10-15T09:35:24","date_gmt":"2019-10-15T07:35:24","guid":{"rendered":"https:\/\/www.lesamisdegrandrif.fr\/?page_id=747"},"modified":"2020-03-04T11:55:14","modified_gmt":"2020-03-04T10:55:14","slug":"loto-dautomne","status":"publish","type":"page","link":"https:\/\/www.lesamisdelajarpe.fr\/index.php\/loto-dautomne\/","title":{"rendered":"Loto d&rsquo;automne 2019"},"content":{"rendered":"<p>Dimanche 6 octobre 2019<\/p>\n<p><img loading=\"lazy\" decoding=\"async\" class=\"alignnone wp-image-756\" src=\"https:\/\/www.lesamisdegrandrif.fr\/wp-content\/uploads\/2019\/10\/DSC_0571-300x199.jpg\" alt=\"\" width=\"452\" height=\"300\" srcset=\"https:\/\/www.lesamisdelajarpe.fr\/wp-content\/uploads\/2019\/10\/DSC_0571-300x199.jpg 300w, https:\/\/www.lesamisdelajarpe.fr\/wp-content\/uploads\/2019\/10\/DSC_0571-768x511.jpg 768w, https:\/\/www.lesamisdelajarpe.fr\/wp-content\/uploads\/2019\/10\/DSC_0571-1024x681.jpg 1024w, https:\/\/www.lesamisdelajarpe.fr\/wp-content\/uploads\/2019\/10\/DSC_0571-800x532.jpg 800w\" sizes=\"auto, (max-width: 452px) 100vw, 452px\" \/>\u00a0 <img loading=\"lazy\" decoding=\"async\" class=\"alignnone wp-image-758\" src=\"https:\/\/www.lesamisdegrandrif.fr\/wp-content\/uploads\/2019\/10\/DSC_0579-300x199.jpg\" alt=\"\" width=\"452\" height=\"300\" srcset=\"https:\/\/www.lesamisdelajarpe.fr\/wp-content\/uploads\/2019\/10\/DSC_0579-300x199.jpg 300w, https:\/\/www.lesamisdelajarpe.fr\/wp-content\/uploads\/2019\/10\/DSC_0579-768x511.jpg 768w, https:\/\/www.lesamisdelajarpe.fr\/wp-content\/uploads\/2019\/10\/DSC_0579-1024x681.jpg 1024w, https:\/\/www.lesamisdelajarpe.fr\/wp-content\/uploads\/2019\/10\/DSC_0579-800x532.jpg 800w\" sizes=\"auto, (max-width: 452px) 100vw, 452px\" \/>\u00a0 <img loading=\"lazy\" decoding=\"async\" class=\"alignnone wp-image-757\" src=\"https:\/\/www.lesamisdegrandrif.fr\/wp-content\/uploads\/2019\/10\/DSC_0577-300x199.jpg\" alt=\"\" width=\"452\" height=\"300\" srcset=\"https:\/\/www.lesamisdelajarpe.fr\/wp-content\/uploads\/2019\/10\/DSC_0577-300x199.jpg 300w, https:\/\/www.lesamisdelajarpe.fr\/wp-content\/uploads\/2019\/10\/DSC_0577-768x511.jpg 768w, https:\/\/www.lesamisdelajarpe.fr\/wp-content\/uploads\/2019\/10\/DSC_0577-1024x681.jpg 1024w, https:\/\/www.lesamisdelajarpe.fr\/wp-content\/uploads\/2019\/10\/DSC_0577-800x532.jpg 800w\" sizes=\"auto, (max-width: 452px) 100vw, 452px\" \/><\/p>\n<p>&nbsp;<\/p>\n<p>Belle r\u00e9ussite pour ce premier loto \u00e0 la salle des f\u00eates de St Martin des Olmes.<\/p>\n<p>L&rsquo;espace, le confort de la salle, la qualit\u00e9 des lots et la bonne ambiance nous ont permis de passer un tr\u00e8s agr\u00e9able apr\u00e8s-midi malgr\u00e9 le mauvais temps.<\/p>\n<p>&nbsp;<\/p>\n","protected":false},"excerpt":{"rendered":"<p>Dimanche 6 octobre 2019 \u00a0 \u00a0 &nbsp; Belle r\u00e9ussite pour ce premier loto \u00e0 la salle des f\u00eates de St Martin des Olmes. L&rsquo;espace, le confort de la salle, la qualit\u00e9 des lots et la bonne ambiance nous ont permis de passer un tr\u00e8s agr\u00e9able apr\u00e8s-midi malgr\u00e9 le mauvais temps. &nbsp;<\/p>\n","protected":false},"author":2,"featured_media":0,"parent":0,"menu_order":0,"comment_status":"closed","ping_status":"closed","template":"","meta":{"_seopress_robots_primary_cat":"","_seopress_titles_title":"","_seopress_titles_desc":"","_seopress_robots_index":"","_mc_calendar":[],"footnotes":""},"class_list":["post-747","page","type-page","status-publish","hentry"],"_links":{"self":[{"href":"https:\/\/www.lesamisdelajarpe.fr\/index.php\/wp-json\/wp\/v2\/pages\/747","targetHints":{"allow":["GET"]}}],"collection":[{"href":"https:\/\/www.lesamisdelajarpe.fr\/index.php\/wp-json\/wp\/v2\/pages"}],"about":[{"href":"https:\/\/www.lesamisdelajarpe.fr\/index.php\/wp-json\/wp\/v2\/types\/page"}],"author":[{"embeddable":true,"href":"https:\/\/www.lesamisdelajarpe.fr\/index.php\/wp-json\/wp\/v2\/users\/2"}],"replies":[{"embeddable":true,"href":"https:\/\/www.lesamisdelajarpe.fr\/index.php\/wp-json\/wp\/v2\/comments?post=747"}],"version-history":[{"count":6,"href":"https:\/\/www.lesamisdelajarpe.fr\/index.php\/wp-json\/wp\/v2\/pages\/747\/revisions"}],"predecessor-version":[{"id":926,"href":"https:\/\/www.lesamisdelajarpe.fr\/index.php\/wp-json\/wp\/v2\/pages\/747\/revisions\/926"}],"wp:attachment":[{"href":"https:\/\/www.lesamisdelajarpe.fr\/index.php\/wp-json\/wp\/v2\/media?parent=747"}],"curies":[{"name":"wp","href":"https:\/\/api.w.org\/{rel}","templated":true}]}}